{"id":8253,"date":"2024-01-22T14:55:07","date_gmt":"2024-01-22T14:55:07","guid":{"rendered":"https:\/\/archiutti.it\/?post_type=product&#038;p=8253"},"modified":"2024-01-22T15:16:41","modified_gmt":"2024-01-22T15:16:41","slug":"armoires-et-caissons-ellan","status":"publish","type":"product","link":"https:\/\/archiutti.it\/fr\/produit\/armoires-et-caissons-ellan\/","title":{"rendered":"Armoires et caissons"},"content":{"rendered":"<p>L\u2019\u00e9quilibre des formes et des surfaces mat\u00e9rielles : les rangements de la collection Ellan cr\u00e9ent des compositions agr\u00e9g\u00e9es iconiques de bureaux, de plateaux de service coplanaires et de rangements \u00e0 dos aveugle suspendus ou sur une structure m\u00e9tallique.<\/p>\n","protected":false},"excerpt":{"rendered":"<p>L\u2019\u00e9quilibre des formes et des surfaces mat\u00e9rielles : les rangements de la collection Ellan cr\u00e9ent des compositions agr\u00e9g\u00e9es iconiques de bureaux, de plateaux de service coplanaires et de rangements \u00e0 dos aveugle suspendus ou sur une structure m\u00e9tallique.<\/p>\n","protected":false},"featured_media":8181,"comment_status":"closed","ping_status":"closed","template":"","meta":[],"product_brand":[],"product_cat":[176,178],"product_tag":[368],"class_list":{"0":"post-8253","1":"product","2":"type-product","3":"status-publish","4":"has-post-thumbnail","6":"product_cat-armoires","7":"product_cat-armoires-et-caissons","8":"product_tag-ellan-fr","10":"first","11":"instock","12":"shipping-taxable","13":"product-type-simple"},"acf":[],"_links":{"self":[{"href":"https:\/\/archiutti.it\/fr\/wp-json\/wp\/v2\/product\/8253","targetHints":{"allow":["GET"]}}],"collection":[{"href":"https:\/\/archiutti.it\/fr\/wp-json\/wp\/v2\/product"}],"about":[{"href":"https:\/\/archiutti.it\/fr\/wp-json\/wp\/v2\/types\/product"}],"replies":[{"embeddable":true,"href":"https:\/\/archiutti.it\/fr\/wp-json\/wp\/v2\/comments?post=8253"}],"wp:featuredmedia":[{"embeddable":true,"href":"https:\/\/archiutti.it\/fr\/wp-json\/wp\/v2\/media\/8181"}],"wp:attachment":[{"href":"https:\/\/archiutti.it\/fr\/wp-json\/wp\/v2\/media?parent=8253"}],"wp:term":[{"taxonomy":"product_brand","embeddable":true,"href":"https:\/\/archiutti.it\/fr\/wp-json\/wp\/v2\/product_brand?post=8253"},{"taxonomy":"product_cat","embeddable":true,"href":"https:\/\/archiutti.it\/fr\/wp-json\/wp\/v2\/product_cat?post=8253"},{"taxonomy":"product_tag","embeddable":true,"href":"https:\/\/archiutti.it\/fr\/wp-json\/wp\/v2\/product_tag?post=8253"}],"curies":[{"name":"wp","href":"https:\/\/api.w.org\/{rel}","templated":true}]}}