{"id":8249,"date":"2024-01-22T14:55:21","date_gmt":"2024-01-22T14:55:21","guid":{"rendered":"https:\/\/archiutti.it\/?post_type=product&#038;p=8249"},"modified":"2024-01-22T15:17:32","modified_gmt":"2024-01-22T15:17:32","slug":"table-de-reunion-ellan","status":"publish","type":"product","link":"https:\/\/archiutti.it\/fr\/produit\/table-de-reunion-ellan\/","title":{"rendered":"Table de r\u00e9union"},"content":{"rendered":"<p>Le profil en L s\u2019\u00e9tend sur tout le p\u00e9rim\u00e8tre des tables de r\u00e9union et cr\u00e9e une structure de base dans une continuit\u00e9 \u00e9l\u00e9gante et distinctive. plateaux rectangulaires et carr\u00e9s sont disponibles.<\/p>\n","protected":false},"excerpt":{"rendered":"<p>Le profil en L s\u2019\u00e9tend sur tout le p\u00e9rim\u00e8tre des tables de r\u00e9union et cr\u00e9e une structure de base dans une continuit\u00e9 \u00e9l\u00e9gante et distinctive. plateaux rectangulaires et carr\u00e9s sont disponibles.<\/p>\n","protected":false},"featured_media":8198,"comment_status":"closed","ping_status":"closed","template":"","meta":[],"product_brand":[],"product_cat":[118,122],"product_tag":[367],"class_list":{"0":"post-8249","1":"product","2":"type-product","3":"status-publish","4":"has-post-thumbnail","6":"product_cat-tables","7":"product_cat-metting-tables","8":"product_tag-ellan-en","10":"first","11":"instock","12":"shipping-taxable","13":"product-type-simple"},"acf":[],"_links":{"self":[{"href":"https:\/\/archiutti.it\/fr\/wp-json\/wp\/v2\/product\/8249","targetHints":{"allow":["GET"]}}],"collection":[{"href":"https:\/\/archiutti.it\/fr\/wp-json\/wp\/v2\/product"}],"about":[{"href":"https:\/\/archiutti.it\/fr\/wp-json\/wp\/v2\/types\/product"}],"replies":[{"embeddable":true,"href":"https:\/\/archiutti.it\/fr\/wp-json\/wp\/v2\/comments?post=8249"}],"wp:featuredmedia":[{"embeddable":true,"href":"https:\/\/archiutti.it\/fr\/wp-json\/wp\/v2\/media\/8198"}],"wp:attachment":[{"href":"https:\/\/archiutti.it\/fr\/wp-json\/wp\/v2\/media?parent=8249"}],"wp:term":[{"taxonomy":"product_brand","embeddable":true,"href":"https:\/\/archiutti.it\/fr\/wp-json\/wp\/v2\/product_brand?post=8249"},{"taxonomy":"product_cat","embeddable":true,"href":"https:\/\/archiutti.it\/fr\/wp-json\/wp\/v2\/product_cat?post=8249"},{"taxonomy":"product_tag","embeddable":true,"href":"https:\/\/archiutti.it\/fr\/wp-json\/wp\/v2\/product_tag?post=8249"}],"curies":[{"name":"wp","href":"https:\/\/api.w.org\/{rel}","templated":true}]}}