{"id":8247,"date":"2024-01-22T14:55:00","date_gmt":"2024-01-22T14:55:00","guid":{"rendered":"https:\/\/archiutti.it\/?post_type=product&#038;p=8247"},"modified":"2024-01-22T15:13:56","modified_gmt":"2024-01-22T15:13:56","slug":"ellan-table-de-reunion-haute","status":"publish","type":"product","link":"https:\/\/archiutti.it\/fr\/produit\/ellan-table-de-reunion-haute\/","title":{"rendered":"Table de r\u00e9union haute"},"content":{"rendered":"<p>La table de r\u00e9union haute est id\u00e9ale pour les r\u00e9unions rapides et les moments conviviaux. Le repose-pieds se d\u00e9place en continuit\u00e9 avec le design des pieds, soulignant la structure. Les plateaux de table peuvent \u00eatre r\u00e9alis\u00e9s dans des mat\u00e9riaux nobles, durables et faciles \u00e0 entretenir.<\/p>\n","protected":false},"excerpt":{"rendered":"<p>La table de r\u00e9union haute est id\u00e9ale pour les r\u00e9unions rapides et les moments conviviaux. Le repose-pieds se d\u00e9place en continuit\u00e9 avec le design des pieds, soulignant la structure. Les plateaux de table peuvent \u00eatre r\u00e9alis\u00e9s dans des mat\u00e9riaux nobles, durables et faciles \u00e0 entretenir.<\/p>\n","protected":false},"featured_media":8188,"comment_status":"closed","ping_status":"closed","template":"","meta":{"_acf_changed":false},"product_brand":[],"product_cat":[181,185],"product_tag":[368],"class_list":{"0":"post-8247","1":"product","2":"type-product","3":"status-publish","4":"has-post-thumbnail","6":"product_cat-tables-fr","7":"product_cat-tables-de-reunion","8":"product_tag-ellan-fr","10":"first","11":"instock","12":"shipping-taxable","13":"product-type-simple"},"acf":[],"_links":{"self":[{"href":"https:\/\/archiutti.it\/fr\/wp-json\/wp\/v2\/product\/8247","targetHints":{"allow":["GET"]}}],"collection":[{"href":"https:\/\/archiutti.it\/fr\/wp-json\/wp\/v2\/product"}],"about":[{"href":"https:\/\/archiutti.it\/fr\/wp-json\/wp\/v2\/types\/product"}],"replies":[{"embeddable":true,"href":"https:\/\/archiutti.it\/fr\/wp-json\/wp\/v2\/comments?post=8247"}],"wp:featuredmedia":[{"embeddable":true,"href":"https:\/\/archiutti.it\/fr\/wp-json\/wp\/v2\/media\/8188"}],"wp:attachment":[{"href":"https:\/\/archiutti.it\/fr\/wp-json\/wp\/v2\/media?parent=8247"}],"wp:term":[{"taxonomy":"product_brand","embeddable":true,"href":"https:\/\/archiutti.it\/fr\/wp-json\/wp\/v2\/product_brand?post=8247"},{"taxonomy":"product_cat","embeddable":true,"href":"https:\/\/archiutti.it\/fr\/wp-json\/wp\/v2\/product_cat?post=8247"},{"taxonomy":"product_tag","embeddable":true,"href":"https:\/\/archiutti.it\/fr\/wp-json\/wp\/v2\/product_tag?post=8247"}],"curies":[{"name":"wp","href":"https:\/\/api.w.org\/{rel}","templated":true}]}}