{"id":8245,"date":"2024-01-22T13:52:00","date_gmt":"2024-01-22T13:52:00","guid":{"rendered":"https:\/\/archiutti.it\/?post_type=product&#038;p=8245"},"modified":"2024-01-22T14:52:12","modified_gmt":"2024-01-22T14:52:12","slug":"table-de-direction-ellan","status":"publish","type":"product","link":"https:\/\/archiutti.it\/fr\/produit\/table-de-direction-ellan\/","title":{"rendered":"Table de direction"},"content":{"rendered":"<p>Ellan meuble des environnements prestigieux avec des bureaux iconiques et des compositions articul\u00e9es. Une ligne rigoureuse compos\u00e9e de bureaux, d&rsquo;extensions lat\u00e9rales agr\u00e9g\u00e9es, de rangements suspendus ou sur une structure m\u00e9tallique coordonn\u00e9e.<\/p>\n","protected":false},"excerpt":{"rendered":"<p>Ellan meuble des environnements prestigieux avec des bureaux iconiques et des compositions articul\u00e9es. Une ligne rigoureuse compos\u00e9e de bureaux, d&rsquo;extensions lat\u00e9rales agr\u00e9g\u00e9es, de rangements suspendus ou sur une structure m\u00e9tallique coordonn\u00e9e.<\/p>\n","protected":false},"featured_media":8172,"comment_status":"closed","ping_status":"closed","template":"","meta":[],"product_brand":[],"product_cat":[181,183],"product_tag":[368],"class_list":{"0":"post-8245","1":"product","2":"type-product","3":"status-publish","4":"has-post-thumbnail","6":"product_cat-tables-fr","7":"product_cat-tables-de-direction","8":"product_tag-ellan-fr","10":"first","11":"instock","12":"shipping-taxable","13":"product-type-simple"},"acf":[],"_links":{"self":[{"href":"https:\/\/archiutti.it\/fr\/wp-json\/wp\/v2\/product\/8245","targetHints":{"allow":["GET"]}}],"collection":[{"href":"https:\/\/archiutti.it\/fr\/wp-json\/wp\/v2\/product"}],"about":[{"href":"https:\/\/archiutti.it\/fr\/wp-json\/wp\/v2\/types\/product"}],"replies":[{"embeddable":true,"href":"https:\/\/archiutti.it\/fr\/wp-json\/wp\/v2\/comments?post=8245"}],"wp:featuredmedia":[{"embeddable":true,"href":"https:\/\/archiutti.it\/fr\/wp-json\/wp\/v2\/media\/8172"}],"wp:attachment":[{"href":"https:\/\/archiutti.it\/fr\/wp-json\/wp\/v2\/media?parent=8245"}],"wp:term":[{"taxonomy":"product_brand","embeddable":true,"href":"https:\/\/archiutti.it\/fr\/wp-json\/wp\/v2\/product_brand?post=8245"},{"taxonomy":"product_cat","embeddable":true,"href":"https:\/\/archiutti.it\/fr\/wp-json\/wp\/v2\/product_cat?post=8245"},{"taxonomy":"product_tag","embeddable":true,"href":"https:\/\/archiutti.it\/fr\/wp-json\/wp\/v2\/product_tag?post=8245"}],"curies":[{"name":"wp","href":"https:\/\/api.w.org\/{rel}","templated":true}]}}