{"id":8243,"date":"2024-01-18T14:49:39","date_gmt":"2024-01-18T14:49:39","guid":{"rendered":"https:\/\/archiutti.it\/prodotto\/armoires\/"},"modified":"2024-01-22T14:22:23","modified_gmt":"2024-01-22T14:22:23","slug":"unit","status":"publish","type":"product","link":"https:\/\/archiutti.it\/fr\/produit\/unit\/","title":{"rendered":"Armoires"},"content":{"rendered":"<p>La collection d\u2019armoires Unit est l\u2019\u00e9l\u00e9ment de base de tout design Archiutti: un armoire minimal et fonctionnel, adapt\u00e9 \u00e0 toutes les situations. Les portes de Unit peuvent \u00eatre dispos\u00e9es \u00e0 volont\u00e9, cr\u00e9ant une alternance de pleins et de vides. Les portes de l&rsquo;unit\u00e9 peuvent \u00eatre dispos\u00e9es \u00e0 volont\u00e9, cr\u00e9ant une alternance de pleins et de vides.<\/p>\n","protected":false},"excerpt":{"rendered":"<p>La collection d\u2019armoires Unit est l\u2019\u00e9l\u00e9ment de base de tout design Archiutti: un armoire minimal et fonctionnel, adapt\u00e9 \u00e0 toutes les situations. Les portes de Unit peuvent \u00eatre dispos\u00e9es \u00e0 volont\u00e9, cr\u00e9ant une alternance de pleins et de vides. Les portes de l&rsquo;unit\u00e9 peuvent \u00eatre dispos\u00e9es \u00e0 volont\u00e9, cr\u00e9ant une alternance de pleins et de [&hellip;]<\/p>\n","protected":false},"featured_media":5106,"comment_status":"closed","ping_status":"closed","template":"","meta":{"_acf_changed":false},"product_brand":[],"product_cat":[177,176],"product_tag":[366],"class_list":{"0":"post-8243","1":"product","2":"type-product","3":"status-publish","4":"has-post-thumbnail","6":"product_cat-armoires-fr","7":"product_cat-armoires","8":"product_tag-unit","10":"first","11":"instock","12":"shipping-taxable","13":"product-type-simple"},"acf":[],"_links":{"self":[{"href":"https:\/\/archiutti.it\/fr\/wp-json\/wp\/v2\/product\/8243","targetHints":{"allow":["GET"]}}],"collection":[{"href":"https:\/\/archiutti.it\/fr\/wp-json\/wp\/v2\/product"}],"about":[{"href":"https:\/\/archiutti.it\/fr\/wp-json\/wp\/v2\/types\/product"}],"replies":[{"embeddable":true,"href":"https:\/\/archiutti.it\/fr\/wp-json\/wp\/v2\/comments?post=8243"}],"wp:featuredmedia":[{"embeddable":true,"href":"https:\/\/archiutti.it\/fr\/wp-json\/wp\/v2\/media\/5106"}],"wp:attachment":[{"href":"https:\/\/archiutti.it\/fr\/wp-json\/wp\/v2\/media?parent=8243"}],"wp:term":[{"taxonomy":"product_brand","embeddable":true,"href":"https:\/\/archiutti.it\/fr\/wp-json\/wp\/v2\/product_brand?post=8243"},{"taxonomy":"product_cat","embeddable":true,"href":"https:\/\/archiutti.it\/fr\/wp-json\/wp\/v2\/product_cat?post=8243"},{"taxonomy":"product_tag","embeddable":true,"href":"https:\/\/archiutti.it\/fr\/wp-json\/wp\/v2\/product_tag?post=8243"}],"curies":[{"name":"wp","href":"https:\/\/api.w.org\/{rel}","templated":true}]}}