{"id":6743,"date":"2023-01-20T09:42:56","date_gmt":"2023-01-20T09:42:56","guid":{"rendered":"https:\/\/archiutti.it\/prodotto\/armoires\/"},"modified":"2023-01-20T09:42:56","modified_gmt":"2023-01-20T09:42:56","slug":"armoires-space","status":"publish","type":"product","link":"https:\/\/archiutti.it\/fr\/produit\/armoires-space\/","title":{"rendered":"Armoires"},"content":{"rendered":"<div class=\"page\" title=\"Page 3\">\n<div class=\"section\">\n<div class=\"layoutArea\">\n<div class=\"column\">\n<p>L\u2019exhaustivit\u00e9 des solutions dimensionnelles en largeur et en hauteur combin\u00e9e \u00e0 la pluralit\u00e9 des solutions d\u2019accessibilit\u00e9 et de rangement permettent aux armoires Space de r\u00e9pondre \u00e0 toute esth\u00e9tique et utilisation n\u00e9cessaire.<\/p>\n<\/div>\n<\/div>\n<\/div>\n<\/div>\n","protected":false},"excerpt":{"rendered":"<p>L\u2019exhaustivit\u00e9 des solutions dimensionnelles en largeur et en hauteur combin\u00e9e \u00e0 la pluralit\u00e9 des solutions d\u2019accessibilit\u00e9 et de rangement permettent aux armoires Space de r\u00e9pondre \u00e0 toute esth\u00e9tique et utilisation n\u00e9cessaire.<\/p>\n","protected":false},"featured_media":5572,"comment_status":"closed","ping_status":"closed","template":"","meta":{"_acf_changed":false},"product_brand":[],"product_cat":[176,177],"product_tag":[207],"class_list":{"0":"post-6743","1":"product","2":"type-product","3":"status-publish","4":"has-post-thumbnail","6":"product_cat-armoires","7":"product_cat-armoires-fr","8":"product_tag-space-fr","10":"first","11":"instock","12":"shipping-taxable","13":"product-type-simple"},"acf":[],"_links":{"self":[{"href":"https:\/\/archiutti.it\/fr\/wp-json\/wp\/v2\/product\/6743","targetHints":{"allow":["GET"]}}],"collection":[{"href":"https:\/\/archiutti.it\/fr\/wp-json\/wp\/v2\/product"}],"about":[{"href":"https:\/\/archiutti.it\/fr\/wp-json\/wp\/v2\/types\/product"}],"replies":[{"embeddable":true,"href":"https:\/\/archiutti.it\/fr\/wp-json\/wp\/v2\/comments?post=6743"}],"wp:featuredmedia":[{"embeddable":true,"href":"https:\/\/archiutti.it\/fr\/wp-json\/wp\/v2\/media\/5572"}],"wp:attachment":[{"href":"https:\/\/archiutti.it\/fr\/wp-json\/wp\/v2\/media?parent=6743"}],"wp:term":[{"taxonomy":"product_brand","embeddable":true,"href":"https:\/\/archiutti.it\/fr\/wp-json\/wp\/v2\/product_brand?post=6743"},{"taxonomy":"product_cat","embeddable":true,"href":"https:\/\/archiutti.it\/fr\/wp-json\/wp\/v2\/product_cat?post=6743"},{"taxonomy":"product_tag","embeddable":true,"href":"https:\/\/archiutti.it\/fr\/wp-json\/wp\/v2\/product_tag?post=6743"}],"curies":[{"name":"wp","href":"https:\/\/api.w.org\/{rel}","templated":true}]}}