{"id":6741,"date":"2023-01-20T09:54:13","date_gmt":"2023-01-20T09:54:13","guid":{"rendered":"https:\/\/archiutti.it\/prodotto\/caissons-et-meubles-de-service\/"},"modified":"2023-03-29T12:19:18","modified_gmt":"2023-03-29T12:19:18","slug":"caissons-et-meubles-de-service-jmb","status":"publish","type":"product","link":"https:\/\/archiutti.it\/fr\/produit\/caissons-et-meubles-de-service-jmb\/","title":{"rendered":"Caissons et meubles de service"},"content":{"rendered":"<p>JMB est un syst\u00e8me de tiroirs et d\u2019unit\u00e9s de service \u00e0 utiliser sur les murs comme syst\u00e8me de stockage ou au milieu de la salle comme support pour les bench et les postes de travail.<\/p>\n","protected":false},"excerpt":{"rendered":"<p>La combinaison de finitions et de mat\u00e9riaux \u00e9l\u00e9gants, tels que le noyer Canaletto et l&rsquo;anthracite, associ\u00e9e \u00e0 la structure en anneau du bureau, rehausse la composition et la rend adapt\u00e9e \u00e0 un environnement de direction.<\/p>\n","protected":false},"featured_media":5594,"comment_status":"closed","ping_status":"closed","template":"","meta":[],"product_brand":[],"product_cat":[176,178],"product_tag":[200],"class_list":{"0":"post-6741","1":"product","2":"type-product","3":"status-publish","4":"has-post-thumbnail","6":"product_cat-armoires","7":"product_cat-armoires-et-caissons","8":"product_tag-jmb-fr","10":"first","11":"instock","12":"shipping-taxable","13":"product-type-simple"},"acf":[],"_links":{"self":[{"href":"https:\/\/archiutti.it\/fr\/wp-json\/wp\/v2\/product\/6741","targetHints":{"allow":["GET"]}}],"collection":[{"href":"https:\/\/archiutti.it\/fr\/wp-json\/wp\/v2\/product"}],"about":[{"href":"https:\/\/archiutti.it\/fr\/wp-json\/wp\/v2\/types\/product"}],"replies":[{"embeddable":true,"href":"https:\/\/archiutti.it\/fr\/wp-json\/wp\/v2\/comments?post=6741"}],"wp:featuredmedia":[{"embeddable":true,"href":"https:\/\/archiutti.it\/fr\/wp-json\/wp\/v2\/media\/5594"}],"wp:attachment":[{"href":"https:\/\/archiutti.it\/fr\/wp-json\/wp\/v2\/media?parent=6741"}],"wp:term":[{"taxonomy":"product_brand","embeddable":true,"href":"https:\/\/archiutti.it\/fr\/wp-json\/wp\/v2\/product_brand?post=6741"},{"taxonomy":"product_cat","embeddable":true,"href":"https:\/\/archiutti.it\/fr\/wp-json\/wp\/v2\/product_cat?post=6741"},{"taxonomy":"product_tag","embeddable":true,"href":"https:\/\/archiutti.it\/fr\/wp-json\/wp\/v2\/product_tag?post=6741"}],"curies":[{"name":"wp","href":"https:\/\/api.w.org\/{rel}","templated":true}]}}