{"id":6740,"date":"2022-11-11T14:00:20","date_gmt":"2022-11-11T14:00:20","guid":{"rendered":"https:\/\/archiutti.it\/prodotto\/armoires\/"},"modified":"2023-03-29T12:30:16","modified_gmt":"2023-03-29T12:30:16","slug":"armoires-lockers","status":"publish","type":"product","link":"https:\/\/archiutti.it\/fr\/produit\/armoires-lockers\/","title":{"rendered":"Armoires"},"content":{"rendered":"<div class=\"page\" title=\"Page 37\">\n<div class=\"section\">\n<div class=\"layoutArea\">\n<div class=\"column\">\n<p>Armoires verrouillables con\u00e7ues pour entreposer les biens et objets des travailleurs qui partagent leur poste de travail avec d\u2019autres coll\u00e8gues.<\/p>\n<\/div>\n<\/div>\n<\/div>\n<\/div>\n","protected":false},"excerpt":{"rendered":"<p>La combinaison de finitions et de mat\u00e9riaux \u00e9l\u00e9gants, tels que le noyer Canaletto et l&rsquo;anthracite, associ\u00e9e \u00e0 la structure en anneau du bureau, rehausse la composition et la rend adapt\u00e9e \u00e0 un environnement de direction.<\/p>\n","protected":false},"featured_media":5216,"comment_status":"closed","ping_status":"closed","template":"","meta":{"_acf_changed":false},"product_brand":[],"product_cat":[177,176],"product_tag":[198],"class_list":{"0":"post-6740","1":"product","2":"type-product","3":"status-publish","4":"has-post-thumbnail","6":"product_cat-armoires-fr","7":"product_cat-armoires","8":"product_tag-lockers-fr","10":"first","11":"instock","12":"shipping-taxable","13":"product-type-simple"},"acf":[],"_links":{"self":[{"href":"https:\/\/archiutti.it\/fr\/wp-json\/wp\/v2\/product\/6740","targetHints":{"allow":["GET"]}}],"collection":[{"href":"https:\/\/archiutti.it\/fr\/wp-json\/wp\/v2\/product"}],"about":[{"href":"https:\/\/archiutti.it\/fr\/wp-json\/wp\/v2\/types\/product"}],"replies":[{"embeddable":true,"href":"https:\/\/archiutti.it\/fr\/wp-json\/wp\/v2\/comments?post=6740"}],"wp:featuredmedia":[{"embeddable":true,"href":"https:\/\/archiutti.it\/fr\/wp-json\/wp\/v2\/media\/5216"}],"wp:attachment":[{"href":"https:\/\/archiutti.it\/fr\/wp-json\/wp\/v2\/media?parent=6740"}],"wp:term":[{"taxonomy":"product_brand","embeddable":true,"href":"https:\/\/archiutti.it\/fr\/wp-json\/wp\/v2\/product_brand?post=6740"},{"taxonomy":"product_cat","embeddable":true,"href":"https:\/\/archiutti.it\/fr\/wp-json\/wp\/v2\/product_cat?post=6740"},{"taxonomy":"product_tag","embeddable":true,"href":"https:\/\/archiutti.it\/fr\/wp-json\/wp\/v2\/product_tag?post=6740"}],"curies":[{"name":"wp","href":"https:\/\/api.w.org\/{rel}","templated":true}]}}