{"id":6739,"date":"2023-01-19T09:10:15","date_gmt":"2023-01-19T09:10:15","guid":{"rendered":"https:\/\/archiutti.it\/prodotto\/cloisons\/"},"modified":"2023-03-29T12:21:23","modified_gmt":"2023-03-29T12:21:23","slug":"cloisons-west","status":"publish","type":"product","link":"https:\/\/archiutti.it\/fr\/produit\/cloisons-west\/","title":{"rendered":"Cloisons"},"content":{"rendered":"<p>West est un syst\u00e8me flexible et complet de division de l&rsquo;espace compos\u00e9 de modules \u00e0 double vitrage ou pleins, d&rsquo;unit\u00e9s armoire , de rev\u00eatements muraux et d&rsquo;un syst\u00e8me d&rsquo;\u00e9tag\u00e8res. La cloison est compl\u00e9t\u00e9 par un bloc-porte qui peut \u00eatre aveugle, en verre d\u00e9poli ou transparent et coulissant.<\/p>\n","protected":false},"excerpt":{"rendered":"<p>West est un syst\u00e8me flexible et complet de division de l&rsquo;espace compos\u00e9 de modules \u00e0 double vitrage ou pleins, d&rsquo;unit\u00e9s armoire , de rev\u00eatements muraux et d&rsquo;un syst\u00e8me d&rsquo;\u00e9tag\u00e8res. La cloison est compl\u00e9t\u00e9 par un bloc-porte qui peut \u00eatre aveugle, en verre d\u00e9poli ou transparent et coulissant.<\/p>\n","protected":false},"featured_media":5502,"comment_status":"closed","ping_status":"closed","template":"","meta":{"_acf_changed":false},"product_brand":[],"product_cat":[179],"product_tag":[206],"class_list":{"0":"post-6739","1":"product","2":"type-product","3":"status-publish","4":"has-post-thumbnail","6":"product_cat-cloisons","7":"product_tag-west-fr","9":"first","10":"instock","11":"shipping-taxable","12":"product-type-simple"},"acf":[],"_links":{"self":[{"href":"https:\/\/archiutti.it\/fr\/wp-json\/wp\/v2\/product\/6739","targetHints":{"allow":["GET"]}}],"collection":[{"href":"https:\/\/archiutti.it\/fr\/wp-json\/wp\/v2\/product"}],"about":[{"href":"https:\/\/archiutti.it\/fr\/wp-json\/wp\/v2\/types\/product"}],"replies":[{"embeddable":true,"href":"https:\/\/archiutti.it\/fr\/wp-json\/wp\/v2\/comments?post=6739"}],"wp:featuredmedia":[{"embeddable":true,"href":"https:\/\/archiutti.it\/fr\/wp-json\/wp\/v2\/media\/5502"}],"wp:attachment":[{"href":"https:\/\/archiutti.it\/fr\/wp-json\/wp\/v2\/media?parent=6739"}],"wp:term":[{"taxonomy":"product_brand","embeddable":true,"href":"https:\/\/archiutti.it\/fr\/wp-json\/wp\/v2\/product_brand?post=6739"},{"taxonomy":"product_cat","embeddable":true,"href":"https:\/\/archiutti.it\/fr\/wp-json\/wp\/v2\/product_cat?post=6739"},{"taxonomy":"product_tag","embeddable":true,"href":"https:\/\/archiutti.it\/fr\/wp-json\/wp\/v2\/product_tag?post=6739"}],"curies":[{"name":"wp","href":"https:\/\/api.w.org\/{rel}","templated":true}]}}