{"id":6738,"date":"2022-11-11T15:00:28","date_gmt":"2022-11-11T15:00:28","guid":{"rendered":"https:\/\/archiutti.it\/prodotto\/cloisons\/"},"modified":"2023-03-29T12:29:24","modified_gmt":"2023-03-29T12:29:24","slug":"cloisons-www60","status":"publish","type":"product","link":"https:\/\/archiutti.it\/fr\/produit\/cloisons-www60\/","title":{"rendered":"Cloisons"},"content":{"rendered":"<p>WWW.60 est un syst\u00e8me de cloisons minimaliste destin\u00e9 \u00e0 la conception d&rsquo;espaces de travail. Il r\u00e9unit de multiples fonctions et performances en une seule image, ce qui permet de coordonner des \u00e9l\u00e9ments et des finitions tr\u00e8s diff\u00e9rents dans une narration environnementale homog\u00e8ne. Les nombreuses finitions et couleurs identifient un nouvel \u00e9l\u00e9ment pour la construction personnalis\u00e9e de l&rsquo;architecture d&rsquo;int\u00e9rieur. Un outil de mise \u00e0 jour constante des environnements qu&rsquo;il configure, permettant de r\u00e9organiser les espaces en fonction des besoins changeants de chaque bureau.<\/p>\n","protected":false},"excerpt":{"rendered":"<p>WWW.60 est un syst\u00e8me de cloisons minimaliste destin\u00e9 \u00e0 la conception d&rsquo;espaces de travail. Il r\u00e9unit de multiples fonctions et performances en une seule image, ce qui permet de coordonner des \u00e9l\u00e9ments et des finitions tr\u00e8s diff\u00e9rents dans une narration environnementale homog\u00e8ne. Les nombreuses finitions et couleurs identifient un nouvel \u00e9l\u00e9ment pour la construction personnalis\u00e9e [&hellip;]<\/p>\n","protected":false},"featured_media":5222,"comment_status":"closed","ping_status":"closed","template":"","meta":{"_acf_changed":false},"product_brand":[],"product_cat":[179],"product_tag":[205],"class_list":{"0":"post-6738","1":"product","2":"type-product","3":"status-publish","4":"has-post-thumbnail","6":"product_cat-cloisons","7":"product_tag-www-60-fr","9":"first","10":"instock","11":"shipping-taxable","12":"product-type-simple"},"acf":[],"_links":{"self":[{"href":"https:\/\/archiutti.it\/fr\/wp-json\/wp\/v2\/product\/6738","targetHints":{"allow":["GET"]}}],"collection":[{"href":"https:\/\/archiutti.it\/fr\/wp-json\/wp\/v2\/product"}],"about":[{"href":"https:\/\/archiutti.it\/fr\/wp-json\/wp\/v2\/types\/product"}],"replies":[{"embeddable":true,"href":"https:\/\/archiutti.it\/fr\/wp-json\/wp\/v2\/comments?post=6738"}],"wp:featuredmedia":[{"embeddable":true,"href":"https:\/\/archiutti.it\/fr\/wp-json\/wp\/v2\/media\/5222"}],"wp:attachment":[{"href":"https:\/\/archiutti.it\/fr\/wp-json\/wp\/v2\/media?parent=6738"}],"wp:term":[{"taxonomy":"product_brand","embeddable":true,"href":"https:\/\/archiutti.it\/fr\/wp-json\/wp\/v2\/product_brand?post=6738"},{"taxonomy":"product_cat","embeddable":true,"href":"https:\/\/archiutti.it\/fr\/wp-json\/wp\/v2\/product_cat?post=6738"},{"taxonomy":"product_tag","embeddable":true,"href":"https:\/\/archiutti.it\/fr\/wp-json\/wp\/v2\/product_tag?post=6738"}],"curies":[{"name":"wp","href":"https:\/\/api.w.org\/{rel}","templated":true}]}}