{"id":6736,"date":"2023-01-19T13:06:19","date_gmt":"2023-01-19T13:06:19","guid":{"rendered":"https:\/\/archiutti.it\/prodotto\/banque-daccueil\/"},"modified":"2023-03-29T12:20:34","modified_gmt":"2023-03-29T12:20:34","slug":"banque-d-accueil-toki","status":"publish","type":"product","link":"https:\/\/archiutti.it\/fr\/produit\/banque-d-accueil-toki\/","title":{"rendered":"Banque d&rsquo;accueil"},"content":{"rendered":"<p>De l&rsquo;\u00e9tude de l&rsquo;espace d&rsquo;accueil na\u00eet Toki, la banque d&rsquo;accueil Archiutti d\u00e9di\u00e9 \u00e0 la personnalisation. Une composition de surfaces et de volumes, disponible dans des dimensions et des finitions personnalis\u00e9es, qui permet de nombreuses variations, pour un environnement de travail ordonn\u00e9, fonctionnel et raffin\u00e9.<\/p>\n","protected":false},"excerpt":{"rendered":"<p>De l&rsquo;\u00e9tude de l&rsquo;espace d&rsquo;accueil na\u00eet Toki, la banque d&rsquo;accueil Archiutti d\u00e9di\u00e9 \u00e0 la personnalisation. Une composition de surfaces et de volumes, disponible dans des dimensions et des finitions personnalis\u00e9es, qui permet de nombreuses variations, pour un environnement de travail ordonn\u00e9, fonctionnel et raffin\u00e9.<\/p>\n","protected":false},"featured_media":5544,"comment_status":"closed","ping_status":"closed","template":"","meta":[],"product_brand":[],"product_cat":[180],"product_tag":[204],"class_list":{"0":"post-6736","1":"product","2":"type-product","3":"status-publish","4":"has-post-thumbnail","6":"product_cat-accueil","7":"product_tag-toki-fr","9":"first","10":"instock","11":"shipping-taxable","12":"product-type-simple"},"acf":[],"_links":{"self":[{"href":"https:\/\/archiutti.it\/fr\/wp-json\/wp\/v2\/product\/6736","targetHints":{"allow":["GET"]}}],"collection":[{"href":"https:\/\/archiutti.it\/fr\/wp-json\/wp\/v2\/product"}],"about":[{"href":"https:\/\/archiutti.it\/fr\/wp-json\/wp\/v2\/types\/product"}],"replies":[{"embeddable":true,"href":"https:\/\/archiutti.it\/fr\/wp-json\/wp\/v2\/comments?post=6736"}],"wp:featuredmedia":[{"embeddable":true,"href":"https:\/\/archiutti.it\/fr\/wp-json\/wp\/v2\/media\/5544"}],"wp:attachment":[{"href":"https:\/\/archiutti.it\/fr\/wp-json\/wp\/v2\/media?parent=6736"}],"wp:term":[{"taxonomy":"product_brand","embeddable":true,"href":"https:\/\/archiutti.it\/fr\/wp-json\/wp\/v2\/product_brand?post=6736"},{"taxonomy":"product_cat","embeddable":true,"href":"https:\/\/archiutti.it\/fr\/wp-json\/wp\/v2\/product_cat?post=6736"},{"taxonomy":"product_tag","embeddable":true,"href":"https:\/\/archiutti.it\/fr\/wp-json\/wp\/v2\/product_tag?post=6736"}],"curies":[{"name":"wp","href":"https:\/\/api.w.org\/{rel}","templated":true}]}}