{"id":6733,"date":"2022-12-05T09:17:49","date_gmt":"2022-12-05T09:17:49","guid":{"rendered":"https:\/\/archiutti.it\/prodotto\/table-de-direction\/"},"modified":"2023-03-29T12:23:32","modified_gmt":"2023-03-29T12:23:32","slug":"table-de-direction-eko","status":"publish","type":"product","link":"https:\/\/archiutti.it\/fr\/produit\/table-de-direction-eko\/","title":{"rendered":"Table de direction"},"content":{"rendered":"<p>Eko est un bureau de direction historique d&rsquo;Archiutti dans lequel le charme du bois, mat\u00e9riau embl\u00e9matique de l&rsquo;entreprise, est associ\u00e9 \u00e0 des formes intemporelles et iconiques.<\/p>\n","protected":false},"excerpt":{"rendered":"<p>Eko est un bureau de direction historique d&rsquo;Archiutti dans lequel le charme du bois, mat\u00e9riau embl\u00e9matique de l&rsquo;entreprise, est associ\u00e9 \u00e0 des formes intemporelles et iconiques.<\/p>\n","protected":false},"featured_media":5414,"comment_status":"closed","ping_status":"closed","template":"","meta":[],"product_brand":[],"product_cat":[181,183],"product_tag":[],"class_list":{"0":"post-6733","1":"product","2":"type-product","3":"status-publish","4":"has-post-thumbnail","6":"product_cat-tables-fr","7":"product_cat-tables-de-direction","9":"first","10":"instock","11":"shipping-taxable","12":"product-type-simple"},"acf":[],"_links":{"self":[{"href":"https:\/\/archiutti.it\/fr\/wp-json\/wp\/v2\/product\/6733","targetHints":{"allow":["GET"]}}],"collection":[{"href":"https:\/\/archiutti.it\/fr\/wp-json\/wp\/v2\/product"}],"about":[{"href":"https:\/\/archiutti.it\/fr\/wp-json\/wp\/v2\/types\/product"}],"replies":[{"embeddable":true,"href":"https:\/\/archiutti.it\/fr\/wp-json\/wp\/v2\/comments?post=6733"}],"wp:featuredmedia":[{"embeddable":true,"href":"https:\/\/archiutti.it\/fr\/wp-json\/wp\/v2\/media\/5414"}],"wp:attachment":[{"href":"https:\/\/archiutti.it\/fr\/wp-json\/wp\/v2\/media?parent=6733"}],"wp:term":[{"taxonomy":"product_brand","embeddable":true,"href":"https:\/\/archiutti.it\/fr\/wp-json\/wp\/v2\/product_brand?post=6733"},{"taxonomy":"product_cat","embeddable":true,"href":"https:\/\/archiutti.it\/fr\/wp-json\/wp\/v2\/product_cat?post=6733"},{"taxonomy":"product_tag","embeddable":true,"href":"https:\/\/archiutti.it\/fr\/wp-json\/wp\/v2\/product_tag?post=6733"}],"curies":[{"name":"wp","href":"https:\/\/api.w.org\/{rel}","templated":true}]}}