{"id":6732,"date":"2022-12-05T08:31:09","date_gmt":"2022-12-05T08:31:09","guid":{"rendered":"https:\/\/archiutti.it\/prodotto\/table-de-reunion\/"},"modified":"2023-03-29T12:24:11","modified_gmt":"2023-03-29T12:24:11","slug":"table-de-reunion-darch","status":"publish","type":"product","link":"https:\/\/archiutti.it\/fr\/produit\/table-de-reunion-darch\/","title":{"rendered":"Table de r\u00e9union"},"content":{"rendered":"<p>Les profils courbes en aluminium composent une ligne de table raffin\u00e9e, couronn\u00e9e par un syst\u00e8me de passage de c\u00e2bles \u00e9l\u00e9gant et discret. Les bois naturels dans des tons chauds, les cristaux peints en camel et en brun et l&rsquo;aluminium poli des cadres de table cr\u00e9ent des environnements \u00e9l\u00e9gants et formels.<\/p>\n","protected":false},"excerpt":{"rendered":"<p>Les profils courbes en aluminium composent une ligne de table raffin\u00e9e, couronn\u00e9e par un syst\u00e8me de passage de c\u00e2bles \u00e9l\u00e9gant et discret. Les bois naturels dans des tons chauds, les cristaux peints en camel et en brun et l&rsquo;aluminium poli des cadres de table cr\u00e9ent des environnements \u00e9l\u00e9gants et formels.<\/p>\n","protected":false},"featured_media":5390,"comment_status":"closed","ping_status":"closed","template":"","meta":{"_acf_changed":false},"product_brand":[],"product_cat":[181,185],"product_tag":[],"class_list":{"0":"post-6732","1":"product","2":"type-product","3":"status-publish","4":"has-post-thumbnail","6":"product_cat-tables-fr","7":"product_cat-tables-de-reunion","9":"first","10":"instock","11":"shipping-taxable","12":"product-type-simple"},"acf":[],"_links":{"self":[{"href":"https:\/\/archiutti.it\/fr\/wp-json\/wp\/v2\/product\/6732","targetHints":{"allow":["GET"]}}],"collection":[{"href":"https:\/\/archiutti.it\/fr\/wp-json\/wp\/v2\/product"}],"about":[{"href":"https:\/\/archiutti.it\/fr\/wp-json\/wp\/v2\/types\/product"}],"replies":[{"embeddable":true,"href":"https:\/\/archiutti.it\/fr\/wp-json\/wp\/v2\/comments?post=6732"}],"wp:featuredmedia":[{"embeddable":true,"href":"https:\/\/archiutti.it\/fr\/wp-json\/wp\/v2\/media\/5390"}],"wp:attachment":[{"href":"https:\/\/archiutti.it\/fr\/wp-json\/wp\/v2\/media?parent=6732"}],"wp:term":[{"taxonomy":"product_brand","embeddable":true,"href":"https:\/\/archiutti.it\/fr\/wp-json\/wp\/v2\/product_brand?post=6732"},{"taxonomy":"product_cat","embeddable":true,"href":"https:\/\/archiutti.it\/fr\/wp-json\/wp\/v2\/product_cat?post=6732"},{"taxonomy":"product_tag","embeddable":true,"href":"https:\/\/archiutti.it\/fr\/wp-json\/wp\/v2\/product_tag?post=6732"}],"curies":[{"name":"wp","href":"https:\/\/api.w.org\/{rel}","templated":true}]}}