{"id":6729,"date":"2022-11-11T11:28:22","date_gmt":"2022-11-11T11:28:22","guid":{"rendered":"https:\/\/archiutti.it\/prodotto\/table-de-direction\/"},"modified":"2023-03-29T12:33:38","modified_gmt":"2023-03-29T12:33:38","slug":"table-de-direction-artu","status":"publish","type":"product","link":"https:\/\/archiutti.it\/fr\/produit\/table-de-direction-artu\/","title":{"rendered":"Table de direction"},"content":{"rendered":"<p>Puret\u00e9 et rigueur dans les volumes, alternance de pleins et de vides, jeu avec les diff\u00e9rents mat\u00e9riaux : telles sont les caract\u00e9ristiques d&rsquo;Ar.tu. Un insert m\u00e9tallique unit et d\u00e9limite les zones du plateau. La combinaison de la laque brillante et mate, des essences de bois en ch\u00eane blanchi ou ch\u00eane fum\u00e9 , du noyer Canaletto et du cuir cr\u00e9e le design des bureaux, des buffets et des biblioth\u00e8ques.<\/p>\n","protected":false},"excerpt":{"rendered":"<p>Puret\u00e9 et rigueur dans les volumes, alternance de pleins et de vides, jeu avec les diff\u00e9rents mat\u00e9riaux : telles sont les caract\u00e9ristiques d&rsquo;Ar.tu. Un insert m\u00e9tallique unit et d\u00e9limite les zones du plateau. La combinaison de la laque brillante et mate, des essences de bois en ch\u00eane blanchi ou ch\u00eane fum\u00e9 , du noyer Canaletto [&hellip;]<\/p>\n","protected":false},"featured_media":5196,"comment_status":"closed","ping_status":"closed","template":"","meta":{"_acf_changed":false},"product_brand":[],"product_cat":[181,183],"product_tag":[194],"class_list":{"0":"post-6729","1":"product","2":"type-product","3":"status-publish","4":"has-post-thumbnail","6":"product_cat-tables-fr","7":"product_cat-tables-de-direction","8":"product_tag-artu-fr","10":"first","11":"instock","12":"shipping-taxable","13":"product-type-simple"},"acf":[],"_links":{"self":[{"href":"https:\/\/archiutti.it\/fr\/wp-json\/wp\/v2\/product\/6729","targetHints":{"allow":["GET"]}}],"collection":[{"href":"https:\/\/archiutti.it\/fr\/wp-json\/wp\/v2\/product"}],"about":[{"href":"https:\/\/archiutti.it\/fr\/wp-json\/wp\/v2\/types\/product"}],"replies":[{"embeddable":true,"href":"https:\/\/archiutti.it\/fr\/wp-json\/wp\/v2\/comments?post=6729"}],"wp:featuredmedia":[{"embeddable":true,"href":"https:\/\/archiutti.it\/fr\/wp-json\/wp\/v2\/media\/5196"}],"wp:attachment":[{"href":"https:\/\/archiutti.it\/fr\/wp-json\/wp\/v2\/media?parent=6729"}],"wp:term":[{"taxonomy":"product_brand","embeddable":true,"href":"https:\/\/archiutti.it\/fr\/wp-json\/wp\/v2\/product_brand?post=6729"},{"taxonomy":"product_cat","embeddable":true,"href":"https:\/\/archiutti.it\/fr\/wp-json\/wp\/v2\/product_cat?post=6729"},{"taxonomy":"product_tag","embeddable":true,"href":"https:\/\/archiutti.it\/fr\/wp-json\/wp\/v2\/product_tag?post=6729"}],"curies":[{"name":"wp","href":"https:\/\/api.w.org\/{rel}","templated":true}]}}