{"id":6728,"date":"2022-11-09T15:37:04","date_gmt":"2022-11-09T15:37:04","guid":{"rendered":"https:\/\/archiutti.it\/prodotto\/table-collaborateurs\/"},"modified":"2023-03-29T12:38:41","modified_gmt":"2023-03-29T12:38:41","slug":"table-collaborateurs-float-office","status":"publish","type":"product","link":"https:\/\/archiutti.it\/fr\/produit\/table-collaborateurs-float-office\/","title":{"rendered":"Table collaborateurs"},"content":{"rendered":"<p>Le bureau Float Office s&rsquo;adapte \u00e0 tout type d&rsquo;environnement gr\u00e2ce \u00e0 ses lignes \u00e9pur\u00e9es et essentielles. Il est \u00e9quip\u00e9 d&rsquo;une structure r\u00e9glable en hauteur et de plans de travail coulissants pour faciliter l&rsquo;acc\u00e8s aux c\u00e2bles.<\/p>\n","protected":false},"excerpt":{"rendered":"<p>La combinaison de finitions et de mat\u00e9riaux \u00e9l\u00e9gants, tels que le noyer Canaletto et l&rsquo;anthracite, associ\u00e9e \u00e0 la structure en anneau du bureau, rehausse la composition et la rend adapt\u00e9e \u00e0 un environnement de direction.<\/p>\n","protected":false},"featured_media":5104,"comment_status":"closed","ping_status":"closed","template":"","meta":{"_acf_changed":false},"product_brand":[],"product_cat":[181,184],"product_tag":[202],"class_list":{"0":"post-6728","1":"product","2":"type-product","3":"status-publish","4":"has-post-thumbnail","6":"product_cat-tables-fr","7":"product_cat-tables-collaborateurs","8":"product_tag-float-office-fr","10":"first","11":"instock","12":"shipping-taxable","13":"product-type-simple"},"acf":[],"_links":{"self":[{"href":"https:\/\/archiutti.it\/fr\/wp-json\/wp\/v2\/product\/6728","targetHints":{"allow":["GET"]}}],"collection":[{"href":"https:\/\/archiutti.it\/fr\/wp-json\/wp\/v2\/product"}],"about":[{"href":"https:\/\/archiutti.it\/fr\/wp-json\/wp\/v2\/types\/product"}],"replies":[{"embeddable":true,"href":"https:\/\/archiutti.it\/fr\/wp-json\/wp\/v2\/comments?post=6728"}],"wp:featuredmedia":[{"embeddable":true,"href":"https:\/\/archiutti.it\/fr\/wp-json\/wp\/v2\/media\/5104"}],"wp:attachment":[{"href":"https:\/\/archiutti.it\/fr\/wp-json\/wp\/v2\/media?parent=6728"}],"wp:term":[{"taxonomy":"product_brand","embeddable":true,"href":"https:\/\/archiutti.it\/fr\/wp-json\/wp\/v2\/product_brand?post=6728"},{"taxonomy":"product_cat","embeddable":true,"href":"https:\/\/archiutti.it\/fr\/wp-json\/wp\/v2\/product_cat?post=6728"},{"taxonomy":"product_tag","embeddable":true,"href":"https:\/\/archiutti.it\/fr\/wp-json\/wp\/v2\/product_tag?post=6728"}],"curies":[{"name":"wp","href":"https:\/\/api.w.org\/{rel}","templated":true}]}}