{"id":6727,"date":"2022-11-09T15:27:40","date_gmt":"2022-11-09T15:27:40","guid":{"rendered":"https:\/\/archiutti.it\/prodotto\/table-de-reunion\/"},"modified":"2023-03-29T12:39:11","modified_gmt":"2023-03-29T12:39:11","slug":"table-de-reunion-float-office","status":"publish","type":"product","link":"https:\/\/archiutti.it\/fr\/produit\/table-de-reunion-float-office\/","title":{"rendered":"Table de r\u00e9union"},"content":{"rendered":"<p>Le syst\u00e8me Float Office est \u00e9galement disponible en tables de r\u00e9union qui peuvent \u00eatre combin\u00e9es avec des postes de travail pour cr\u00e9er des projets coh\u00e9rents et coordonn\u00e9s. Les plateaux peuvent \u00eatre en m\u00e9lamine de 18 mm d&rsquo;\u00e9paisseur ou en CDF de 12 mm d&rsquo;\u00e9paisseur pour embellir et all\u00e9ger le bureau.<\/p>\n","protected":false},"excerpt":{"rendered":"<p>La combinaison de finitions et de mat\u00e9riaux \u00e9l\u00e9gants, tels que le noyer Canaletto et l&rsquo;anthracite, associ\u00e9e \u00e0 la structure en anneau du bureau, rehausse la composition et la rend adapt\u00e9e \u00e0 un environnement de direction.<\/p>\n","protected":false},"featured_media":5102,"comment_status":"closed","ping_status":"closed","template":"","meta":[],"product_brand":[],"product_cat":[181,185],"product_tag":[202],"class_list":{"0":"post-6727","1":"product","2":"type-product","3":"status-publish","4":"has-post-thumbnail","6":"product_cat-tables-fr","7":"product_cat-tables-de-reunion","8":"product_tag-float-office-fr","10":"first","11":"instock","12":"shipping-taxable","13":"product-type-simple"},"acf":[],"_links":{"self":[{"href":"https:\/\/archiutti.it\/fr\/wp-json\/wp\/v2\/product\/6727","targetHints":{"allow":["GET"]}}],"collection":[{"href":"https:\/\/archiutti.it\/fr\/wp-json\/wp\/v2\/product"}],"about":[{"href":"https:\/\/archiutti.it\/fr\/wp-json\/wp\/v2\/types\/product"}],"replies":[{"embeddable":true,"href":"https:\/\/archiutti.it\/fr\/wp-json\/wp\/v2\/comments?post=6727"}],"wp:featuredmedia":[{"embeddable":true,"href":"https:\/\/archiutti.it\/fr\/wp-json\/wp\/v2\/media\/5102"}],"wp:attachment":[{"href":"https:\/\/archiutti.it\/fr\/wp-json\/wp\/v2\/media?parent=6727"}],"wp:term":[{"taxonomy":"product_brand","embeddable":true,"href":"https:\/\/archiutti.it\/fr\/wp-json\/wp\/v2\/product_brand?post=6727"},{"taxonomy":"product_cat","embeddable":true,"href":"https:\/\/archiutti.it\/fr\/wp-json\/wp\/v2\/product_cat?post=6727"},{"taxonomy":"product_tag","embeddable":true,"href":"https:\/\/archiutti.it\/fr\/wp-json\/wp\/v2\/product_tag?post=6727"}],"curies":[{"name":"wp","href":"https:\/\/api.w.org\/{rel}","templated":true}]}}