{"id":6726,"date":"2022-09-26T15:57:11","date_gmt":"2022-09-26T15:57:11","guid":{"rendered":"https:\/\/archiutti.it\/prodotto\/tableau-semi-directionnel\/"},"modified":"2023-03-29T12:39:39","modified_gmt":"2023-03-29T12:39:39","slug":"tableau-semi-directionnel-float-office","status":"publish","type":"product","link":"https:\/\/archiutti.it\/fr\/produit\/tableau-semi-directionnel-float-office\/","title":{"rendered":"Tableau semi-directionnel"},"content":{"rendered":"<p>La combinaison de finitions et de mat\u00e9riaux \u00e9l\u00e9gants, tels que le noyer Canaletto et l&rsquo;anthracite, associ\u00e9e \u00e0 la structure en anneau du bureau, rehausse la composition et la rend adapt\u00e9e \u00e0 un environnement de direction. Le meuble de service Multilinea compl\u00e8te la composition en mettant en valeur le bureau.<\/p>\n","protected":false},"excerpt":{"rendered":"<p>La combinaison de finitions et de mat\u00e9riaux \u00e9l\u00e9gants, tels que le noyer Canaletto et l&rsquo;anthracite, associ\u00e9e \u00e0 la structure en anneau du bureau, rehausse la composition et la rend adapt\u00e9e \u00e0 un environnement de direction.<\/p>\n","protected":false},"featured_media":5034,"comment_status":"closed","ping_status":"closed","template":"","meta":[],"product_brand":[],"product_cat":[181,182],"product_tag":[202],"class_list":{"0":"post-6726","1":"product","2":"type-product","3":"status-publish","4":"has-post-thumbnail","6":"product_cat-tables-fr","7":"product_cat-tables-semi-directionnels","8":"product_tag-float-office-fr","10":"first","11":"instock","12":"shipping-taxable","13":"product-type-simple"},"acf":[],"_links":{"self":[{"href":"https:\/\/archiutti.it\/fr\/wp-json\/wp\/v2\/product\/6726","targetHints":{"allow":["GET"]}}],"collection":[{"href":"https:\/\/archiutti.it\/fr\/wp-json\/wp\/v2\/product"}],"about":[{"href":"https:\/\/archiutti.it\/fr\/wp-json\/wp\/v2\/types\/product"}],"replies":[{"embeddable":true,"href":"https:\/\/archiutti.it\/fr\/wp-json\/wp\/v2\/comments?post=6726"}],"wp:featuredmedia":[{"embeddable":true,"href":"https:\/\/archiutti.it\/fr\/wp-json\/wp\/v2\/media\/5034"}],"wp:attachment":[{"href":"https:\/\/archiutti.it\/fr\/wp-json\/wp\/v2\/media?parent=6726"}],"wp:term":[{"taxonomy":"product_brand","embeddable":true,"href":"https:\/\/archiutti.it\/fr\/wp-json\/wp\/v2\/product_brand?post=6726"},{"taxonomy":"product_cat","embeddable":true,"href":"https:\/\/archiutti.it\/fr\/wp-json\/wp\/v2\/product_cat?post=6726"},{"taxonomy":"product_tag","embeddable":true,"href":"https:\/\/archiutti.it\/fr\/wp-json\/wp\/v2\/product_tag?post=6726"}],"curies":[{"name":"wp","href":"https:\/\/api.w.org\/{rel}","templated":true}]}}