{"id":6725,"date":"2022-12-01T11:40:56","date_gmt":"2022-12-01T11:40:56","guid":{"rendered":"https:\/\/archiutti.it\/prodotto\/table-collaborateurs\/"},"modified":"2023-03-29T12:26:57","modified_gmt":"2023-03-29T12:26:57","slug":"table-collaborateurs-fattore-alpha","status":"publish","type":"product","link":"https:\/\/archiutti.it\/fr\/produit\/table-collaborateurs-fattore-alpha\/","title":{"rendered":"Table collaborateurs"},"content":{"rendered":"<p>Fattore Alpha est \u00e9galement un bureau pour les collaborateurs, g\u00e9om\u00e9trique et essentiel, personnalisable et intemporel. Avec l&rsquo;aluminium poli et les biblioth\u00e8ques Space, il peut \u00eatre utilis\u00e9 pour des projects \u00e9l\u00e9gants et luxueux, mais avec des couleurs plus vives et des biblioth\u00e8ques Lay telles que le vert et le bleu, le bureau change de caract\u00e8re sans perdre son \u00e9l\u00e9gance.<\/p>\n","protected":false},"excerpt":{"rendered":"<p>Fattore Alpha est \u00e9galement un bureau pour les collaborateurs, g\u00e9om\u00e9trique et essentiel, personnalisable et intemporel. Avec l&rsquo;aluminium poli et les biblioth\u00e8ques Space, il peut \u00eatre utilis\u00e9 pour des projects \u00e9l\u00e9gants et luxueux, mais avec des couleurs plus vives et des biblioth\u00e8ques Lay telles que le vert et le bleu, le bureau change de caract\u00e8re sans [&hellip;]<\/p>\n","protected":false},"featured_media":5334,"comment_status":"closed","ping_status":"closed","template":"","meta":{"_acf_changed":false},"product_brand":[],"product_cat":[181,184],"product_tag":[203],"class_list":{"0":"post-6725","1":"product","2":"type-product","3":"status-publish","4":"has-post-thumbnail","6":"product_cat-tables-fr","7":"product_cat-tables-collaborateurs","8":"product_tag-fattore-alpha-fr","10":"first","11":"instock","12":"shipping-taxable","13":"product-type-simple"},"acf":[],"_links":{"self":[{"href":"https:\/\/archiutti.it\/fr\/wp-json\/wp\/v2\/product\/6725","targetHints":{"allow":["GET"]}}],"collection":[{"href":"https:\/\/archiutti.it\/fr\/wp-json\/wp\/v2\/product"}],"about":[{"href":"https:\/\/archiutti.it\/fr\/wp-json\/wp\/v2\/types\/product"}],"replies":[{"embeddable":true,"href":"https:\/\/archiutti.it\/fr\/wp-json\/wp\/v2\/comments?post=6725"}],"wp:featuredmedia":[{"embeddable":true,"href":"https:\/\/archiutti.it\/fr\/wp-json\/wp\/v2\/media\/5334"}],"wp:attachment":[{"href":"https:\/\/archiutti.it\/fr\/wp-json\/wp\/v2\/media?parent=6725"}],"wp:term":[{"taxonomy":"product_brand","embeddable":true,"href":"https:\/\/archiutti.it\/fr\/wp-json\/wp\/v2\/product_brand?post=6725"},{"taxonomy":"product_cat","embeddable":true,"href":"https:\/\/archiutti.it\/fr\/wp-json\/wp\/v2\/product_cat?post=6725"},{"taxonomy":"product_tag","embeddable":true,"href":"https:\/\/archiutti.it\/fr\/wp-json\/wp\/v2\/product_tag?post=6725"}],"curies":[{"name":"wp","href":"https:\/\/api.w.org\/{rel}","templated":true}]}}