{"id":6724,"date":"2022-12-01T11:20:45","date_gmt":"2022-12-01T11:20:45","guid":{"rendered":"https:\/\/archiutti.it\/prodotto\/table-de-reunion\/"},"modified":"2023-03-29T12:27:46","modified_gmt":"2023-03-29T12:27:46","slug":"table-de-reunion-fattore-alpha","status":"publish","type":"product","link":"https:\/\/archiutti.it\/fr\/produit\/table-de-reunion-fattore-alpha\/","title":{"rendered":"Table de r\u00e9union"},"content":{"rendered":"<p>Le syst\u00e8me de tables de r\u00e9union Fattore Alpha est hautement personnalisable en termes de finitions et de dimensions afin de s&rsquo;adapter \u00e0 tous les niveaux de conception, en cr\u00e9ant des tables de r\u00e9union allant de l&rsquo;op\u00e9rationnel au luxe.<\/p>\n","protected":false},"excerpt":{"rendered":"<p>Le syst\u00e8me de tables de r\u00e9union Fattore Alpha est hautement personnalisable en termes de finitions et de dimensions afin de s&rsquo;adapter \u00e0 tous les niveaux de conception, en cr\u00e9ant des tables de r\u00e9union allant de l&rsquo;op\u00e9rationnel au luxe.<\/p>\n","protected":false},"featured_media":5326,"comment_status":"closed","ping_status":"closed","template":"","meta":{"_acf_changed":false},"product_brand":[],"product_cat":[181,185],"product_tag":[203],"class_list":{"0":"post-6724","1":"product","2":"type-product","3":"status-publish","4":"has-post-thumbnail","6":"product_cat-tables-fr","7":"product_cat-tables-de-reunion","8":"product_tag-fattore-alpha-fr","10":"first","11":"instock","12":"shipping-taxable","13":"product-type-simple"},"acf":[],"_links":{"self":[{"href":"https:\/\/archiutti.it\/fr\/wp-json\/wp\/v2\/product\/6724","targetHints":{"allow":["GET"]}}],"collection":[{"href":"https:\/\/archiutti.it\/fr\/wp-json\/wp\/v2\/product"}],"about":[{"href":"https:\/\/archiutti.it\/fr\/wp-json\/wp\/v2\/types\/product"}],"replies":[{"embeddable":true,"href":"https:\/\/archiutti.it\/fr\/wp-json\/wp\/v2\/comments?post=6724"}],"wp:featuredmedia":[{"embeddable":true,"href":"https:\/\/archiutti.it\/fr\/wp-json\/wp\/v2\/media\/5326"}],"wp:attachment":[{"href":"https:\/\/archiutti.it\/fr\/wp-json\/wp\/v2\/media?parent=6724"}],"wp:term":[{"taxonomy":"product_brand","embeddable":true,"href":"https:\/\/archiutti.it\/fr\/wp-json\/wp\/v2\/product_brand?post=6724"},{"taxonomy":"product_cat","embeddable":true,"href":"https:\/\/archiutti.it\/fr\/wp-json\/wp\/v2\/product_cat?post=6724"},{"taxonomy":"product_tag","embeddable":true,"href":"https:\/\/archiutti.it\/fr\/wp-json\/wp\/v2\/product_tag?post=6724"}],"curies":[{"name":"wp","href":"https:\/\/api.w.org\/{rel}","templated":true}]}}