{"id":6723,"date":"2022-11-28T15:17:24","date_gmt":"2022-11-28T15:17:24","guid":{"rendered":"https:\/\/archiutti.it\/prodotto\/table-de-direction\/"},"modified":"2023-03-29T12:28:19","modified_gmt":"2023-03-29T12:28:19","slug":"table-de-direction-fattore-alpha","status":"publish","type":"product","link":"https:\/\/archiutti.it\/fr\/produit\/table-de-direction-fattore-alpha\/","title":{"rendered":"Table de direction"},"content":{"rendered":"<p>Le bureau de direction Fattore Alpha conf\u00e8re une \u00e9l\u00e9gance formelle \u00e0 l&rsquo;environnement de travail. Les finitions appliqu\u00e9es au bureau, fruit de la recherche et de l&rsquo;exp\u00e9rimentation, embellissent les structures, les plateaux et les biblioth\u00e8ques qui compl\u00e8tent la composition.<\/p>\n","protected":false},"excerpt":{"rendered":"<p>Le bureau de direction Fattore Alpha conf\u00e8re une \u00e9l\u00e9gance formelle \u00e0 l&rsquo;environnement de travail. Les finitions appliqu\u00e9es au bureau, fruit de la recherche et de l&rsquo;exp\u00e9rimentation, embellissent les structures, les plateaux et les biblioth\u00e8ques qui compl\u00e8tent la composition.<\/p>\n","protected":false},"featured_media":5270,"comment_status":"closed","ping_status":"closed","template":"","meta":[],"product_brand":[],"product_cat":[181,183],"product_tag":[203],"class_list":{"0":"post-6723","1":"product","2":"type-product","3":"status-publish","4":"has-post-thumbnail","6":"product_cat-tables-fr","7":"product_cat-tables-de-direction","8":"product_tag-fattore-alpha-fr","10":"first","11":"instock","12":"shipping-taxable","13":"product-type-simple"},"acf":[],"_links":{"self":[{"href":"https:\/\/archiutti.it\/fr\/wp-json\/wp\/v2\/product\/6723","targetHints":{"allow":["GET"]}}],"collection":[{"href":"https:\/\/archiutti.it\/fr\/wp-json\/wp\/v2\/product"}],"about":[{"href":"https:\/\/archiutti.it\/fr\/wp-json\/wp\/v2\/types\/product"}],"replies":[{"embeddable":true,"href":"https:\/\/archiutti.it\/fr\/wp-json\/wp\/v2\/comments?post=6723"}],"wp:featuredmedia":[{"embeddable":true,"href":"https:\/\/archiutti.it\/fr\/wp-json\/wp\/v2\/media\/5270"}],"wp:attachment":[{"href":"https:\/\/archiutti.it\/fr\/wp-json\/wp\/v2\/media?parent=6723"}],"wp:term":[{"taxonomy":"product_brand","embeddable":true,"href":"https:\/\/archiutti.it\/fr\/wp-json\/wp\/v2\/product_brand?post=6723"},{"taxonomy":"product_cat","embeddable":true,"href":"https:\/\/archiutti.it\/fr\/wp-json\/wp\/v2\/product_cat?post=6723"},{"taxonomy":"product_tag","embeddable":true,"href":"https:\/\/archiutti.it\/fr\/wp-json\/wp\/v2\/product_tag?post=6723"}],"curies":[{"name":"wp","href":"https:\/\/api.w.org\/{rel}","templated":true}]}}