{"id":6722,"date":"2022-11-10T10:21:40","date_gmt":"2022-11-10T10:21:40","guid":{"rendered":"https:\/\/archiutti.it\/prodotto\/armoires\/"},"modified":"2023-04-05T09:42:26","modified_gmt":"2023-04-05T09:42:26","slug":"armoires-lay","status":"publish","type":"product","link":"https:\/\/archiutti.it\/fr\/produit\/armoires-lay\/","title":{"rendered":"Armoires"},"content":{"rendered":"<p>Biblioth\u00e8ques avec compartiments ouverts et portes battantes , sur banc ou sur v\u00e9rins. Des configurations infinies peuvent \u00eatre cr\u00e9\u00e9es en choisissant des modules, des couleurs et des bases qui rendent l&rsquo;environnement de bureau l\u00e9ger et agr\u00e9able.<\/p>\n","protected":false},"excerpt":{"rendered":"<p>Biblioth\u00e8ques avec compartiments ouverts et portes battantes , sur banc ou sur v\u00e9rins. Des configurations infinies peuvent \u00eatre cr\u00e9\u00e9es en choisissant des modules, des couleurs et des bases qui rendent l&rsquo;environnement de bureau l\u00e9ger et agr\u00e9able.<\/p>\n","protected":false},"featured_media":5148,"comment_status":"closed","ping_status":"closed","template":"","meta":[],"product_brand":[],"product_cat":[177,176],"product_tag":[199],"class_list":{"0":"post-6722","1":"product","2":"type-product","3":"status-publish","4":"has-post-thumbnail","6":"product_cat-armoires-fr","7":"product_cat-armoires","8":"product_tag-lay-fr","10":"first","11":"instock","12":"shipping-taxable","13":"product-type-simple"},"acf":[],"_links":{"self":[{"href":"https:\/\/archiutti.it\/fr\/wp-json\/wp\/v2\/product\/6722","targetHints":{"allow":["GET"]}}],"collection":[{"href":"https:\/\/archiutti.it\/fr\/wp-json\/wp\/v2\/product"}],"about":[{"href":"https:\/\/archiutti.it\/fr\/wp-json\/wp\/v2\/types\/product"}],"replies":[{"embeddable":true,"href":"https:\/\/archiutti.it\/fr\/wp-json\/wp\/v2\/comments?post=6722"}],"wp:featuredmedia":[{"embeddable":true,"href":"https:\/\/archiutti.it\/fr\/wp-json\/wp\/v2\/media\/5148"}],"wp:attachment":[{"href":"https:\/\/archiutti.it\/fr\/wp-json\/wp\/v2\/media?parent=6722"}],"wp:term":[{"taxonomy":"product_brand","embeddable":true,"href":"https:\/\/archiutti.it\/fr\/wp-json\/wp\/v2\/product_brand?post=6722"},{"taxonomy":"product_cat","embeddable":true,"href":"https:\/\/archiutti.it\/fr\/wp-json\/wp\/v2\/product_cat?post=6722"},{"taxonomy":"product_tag","embeddable":true,"href":"https:\/\/archiutti.it\/fr\/wp-json\/wp\/v2\/product_tag?post=6722"}],"curies":[{"name":"wp","href":"https:\/\/api.w.org\/{rel}","templated":true}]}}