{"id":6720,"date":"2022-11-10T09:36:18","date_gmt":"2022-11-10T09:36:18","guid":{"rendered":"https:\/\/archiutti.it\/prodotto\/table-de-reunion\/"},"modified":"2023-04-05T09:44:08","modified_gmt":"2023-04-05T09:44:08","slug":"table-de-reunion-lay","status":"publish","type":"product","link":"https:\/\/archiutti.it\/fr\/produit\/table-de-reunion-lay\/","title":{"rendered":"Table de r\u00e9union"},"content":{"rendered":"<p>La table de r\u00e9union six places est dot\u00e9e d&rsquo;une structure en fonte d&rsquo;aluminium \u00e0 double articulation. Les formes douces de la table de r\u00e9union facilitent l&rsquo;\u00e9change d&rsquo;id\u00e9es de mani\u00e8re \u00e9l\u00e9gante et fonctionnelle.<\/p>\n","protected":false},"excerpt":{"rendered":"<p>La table de r\u00e9union six places est dot\u00e9e d&rsquo;une structure en fonte d&rsquo;aluminium \u00e0 double articulation. Les formes douces de la table de r\u00e9union facilitent l&rsquo;\u00e9change d&rsquo;id\u00e9es de mani\u00e8re \u00e9l\u00e9gante et fonctionnelle.<\/p>\n","protected":false},"featured_media":5138,"comment_status":"closed","ping_status":"closed","template":"","meta":{"_acf_changed":false},"product_brand":[],"product_cat":[181,185],"product_tag":[199],"class_list":{"0":"post-6720","1":"product","2":"type-product","3":"status-publish","4":"has-post-thumbnail","6":"product_cat-tables-fr","7":"product_cat-tables-de-reunion","8":"product_tag-lay-fr","10":"first","11":"instock","12":"shipping-taxable","13":"product-type-simple"},"acf":[],"_links":{"self":[{"href":"https:\/\/archiutti.it\/fr\/wp-json\/wp\/v2\/product\/6720","targetHints":{"allow":["GET"]}}],"collection":[{"href":"https:\/\/archiutti.it\/fr\/wp-json\/wp\/v2\/product"}],"about":[{"href":"https:\/\/archiutti.it\/fr\/wp-json\/wp\/v2\/types\/product"}],"replies":[{"embeddable":true,"href":"https:\/\/archiutti.it\/fr\/wp-json\/wp\/v2\/comments?post=6720"}],"wp:featuredmedia":[{"embeddable":true,"href":"https:\/\/archiutti.it\/fr\/wp-json\/wp\/v2\/media\/5138"}],"wp:attachment":[{"href":"https:\/\/archiutti.it\/fr\/wp-json\/wp\/v2\/media?parent=6720"}],"wp:term":[{"taxonomy":"product_brand","embeddable":true,"href":"https:\/\/archiutti.it\/fr\/wp-json\/wp\/v2\/product_brand?post=6720"},{"taxonomy":"product_cat","embeddable":true,"href":"https:\/\/archiutti.it\/fr\/wp-json\/wp\/v2\/product_cat?post=6720"},{"taxonomy":"product_tag","embeddable":true,"href":"https:\/\/archiutti.it\/fr\/wp-json\/wp\/v2\/product_tag?post=6720"}],"curies":[{"name":"wp","href":"https:\/\/api.w.org\/{rel}","templated":true}]}}