{"id":6719,"date":"2022-11-10T09:06:28","date_gmt":"2022-11-10T09:06:28","guid":{"rendered":"https:\/\/archiutti.it\/prodotto\/table-collaborateurs\/"},"modified":"2023-04-05T09:47:01","modified_gmt":"2023-04-05T09:47:01","slug":"table-collaborateurs-lay","status":"publish","type":"product","link":"https:\/\/archiutti.it\/fr\/produit\/table-collaborateurs-lay\/","title":{"rendered":"Table collaborateurs"},"content":{"rendered":"<p>Les tables de travail sont compos\u00e9es de plans de travail en m\u00e9lamine et en CDF, la structure avec des tubes en fonte d&rsquo;aluminium et en m\u00e9tal peint. Des panneaux en tissu, des caissons avec bacs de rangement et des biblioth\u00e8ques avec compartiments ouverts et portes battantes compl\u00e8tent la composition. La modularit\u00e9 des \u00e9l\u00e9ments permet d&rsquo;int\u00e9grer des bancs rembourr\u00e9s pour les moments d&rsquo;attente ou de d\u00e9tente.<\/p>\n","protected":false},"excerpt":{"rendered":"<p>Les tables de travail sont compos\u00e9es de plans de travail en m\u00e9lamine et en CDF, la structure avec des tubes en fonte d&rsquo;aluminium et en m\u00e9tal peint. Des panneaux en tissu, des caissons avec bacs de rangement et des biblioth\u00e8ques avec compartiments ouverts et portes battantes compl\u00e8tent la composition. La modularit\u00e9 des \u00e9l\u00e9ments permet d&rsquo;int\u00e9grer [&hellip;]<\/p>\n","protected":false},"featured_media":5128,"comment_status":"closed","ping_status":"closed","template":"","meta":[],"product_brand":[],"product_cat":[181,184],"product_tag":[199],"class_list":{"0":"post-6719","1":"product","2":"type-product","3":"status-publish","4":"has-post-thumbnail","6":"product_cat-tables-fr","7":"product_cat-tables-collaborateurs","8":"product_tag-lay-fr","10":"first","11":"instock","12":"shipping-taxable","13":"product-type-simple"},"acf":[],"_links":{"self":[{"href":"https:\/\/archiutti.it\/fr\/wp-json\/wp\/v2\/product\/6719","targetHints":{"allow":["GET"]}}],"collection":[{"href":"https:\/\/archiutti.it\/fr\/wp-json\/wp\/v2\/product"}],"about":[{"href":"https:\/\/archiutti.it\/fr\/wp-json\/wp\/v2\/types\/product"}],"replies":[{"embeddable":true,"href":"https:\/\/archiutti.it\/fr\/wp-json\/wp\/v2\/comments?post=6719"}],"wp:featuredmedia":[{"embeddable":true,"href":"https:\/\/archiutti.it\/fr\/wp-json\/wp\/v2\/media\/5128"}],"wp:attachment":[{"href":"https:\/\/archiutti.it\/fr\/wp-json\/wp\/v2\/media?parent=6719"}],"wp:term":[{"taxonomy":"product_brand","embeddable":true,"href":"https:\/\/archiutti.it\/fr\/wp-json\/wp\/v2\/product_brand?post=6719"},{"taxonomy":"product_cat","embeddable":true,"href":"https:\/\/archiutti.it\/fr\/wp-json\/wp\/v2\/product_cat?post=6719"},{"taxonomy":"product_tag","embeddable":true,"href":"https:\/\/archiutti.it\/fr\/wp-json\/wp\/v2\/product_tag?post=6719"}],"curies":[{"name":"wp","href":"https:\/\/api.w.org\/{rel}","templated":true}]}}