{"id":6364,"date":"2022-11-09T16:18:34","date_gmt":"2022-11-09T16:18:34","guid":{"rendered":"https:\/\/archiutti.it\/prodotto\/table-de-direction\/"},"modified":"2023-04-05T09:45:39","modified_gmt":"2023-04-05T09:45:39","slug":"table-de-direction-lay","status":"publish","type":"product","link":"https:\/\/archiutti.it\/fr\/produit\/table-de-direction-lay\/","title":{"rendered":"Table de direction"},"content":{"rendered":"<p>La table avec meuble de service conf\u00e8re \u00e0 la composition ex\u00e9cutive Lay une propret\u00e9 formelle et une \u00e9l\u00e9gance fonctionnelle. La pi\u00e8ce est compl\u00e9t\u00e9e par les biblioth\u00e8ques \u00e0 compartiments ouverts et le buffet \u00e0 tiroirs, portes et niches lat\u00e9rales.<\/p>\n","protected":false},"excerpt":{"rendered":"<p>La table avec meuble de service conf\u00e8re \u00e0 la composition ex\u00e9cutive Lay une propret\u00e9 formelle et une \u00e9l\u00e9gance fonctionnelle. La pi\u00e8ce est compl\u00e9t\u00e9e par les biblioth\u00e8ques \u00e0 compartiments ouverts et le buffet \u00e0 tiroirs, portes et niches lat\u00e9rales.<\/p>\n","protected":false},"featured_media":5126,"comment_status":"closed","ping_status":"closed","template":"","meta":{"_acf_changed":false},"product_brand":[],"product_cat":[181,183],"product_tag":[199],"class_list":{"0":"post-6364","1":"product","2":"type-product","3":"status-publish","4":"has-post-thumbnail","6":"product_cat-tables-fr","7":"product_cat-tables-de-direction","8":"product_tag-lay-fr","10":"first","11":"instock","12":"shipping-taxable","13":"product-type-simple"},"acf":[],"_links":{"self":[{"href":"https:\/\/archiutti.it\/fr\/wp-json\/wp\/v2\/product\/6364","targetHints":{"allow":["GET"]}}],"collection":[{"href":"https:\/\/archiutti.it\/fr\/wp-json\/wp\/v2\/product"}],"about":[{"href":"https:\/\/archiutti.it\/fr\/wp-json\/wp\/v2\/types\/product"}],"replies":[{"embeddable":true,"href":"https:\/\/archiutti.it\/fr\/wp-json\/wp\/v2\/comments?post=6364"}],"wp:featuredmedia":[{"embeddable":true,"href":"https:\/\/archiutti.it\/fr\/wp-json\/wp\/v2\/media\/5126"}],"wp:attachment":[{"href":"https:\/\/archiutti.it\/fr\/wp-json\/wp\/v2\/media?parent=6364"}],"wp:term":[{"taxonomy":"product_brand","embeddable":true,"href":"https:\/\/archiutti.it\/fr\/wp-json\/wp\/v2\/product_brand?post=6364"},{"taxonomy":"product_cat","embeddable":true,"href":"https:\/\/archiutti.it\/fr\/wp-json\/wp\/v2\/product_cat?post=6364"},{"taxonomy":"product_tag","embeddable":true,"href":"https:\/\/archiutti.it\/fr\/wp-json\/wp\/v2\/product_tag?post=6364"}],"curies":[{"name":"wp","href":"https:\/\/api.w.org\/{rel}","templated":true}]}}