{"id":6400,"date":"2022-11-10T14:55:45","date_gmt":"2022-11-10T14:55:45","guid":{"rendered":"https:\/\/archiutti.it\/catalogue\/"},"modified":"2023-03-29T09:31:01","modified_gmt":"2023-03-29T09:31:01","slug":"catalogue","status":"publish","type":"page","link":"https:\/\/archiutti.it\/fr\/catalogue\/","title":{"rendered":"Catalogue"},"content":{"rendered":"\t\t<div data-elementor-type=\"wp-page\" data-elementor-id=\"6400\" class=\"elementor elementor-6400 elementor-2733\" data-elementor-post-type=\"page\">\n\t\t\t\t\t\t<section class=\"elementor-section elementor-top-section elementor-element elementor-element-258936a elementor-section-boxed elementor-section-height-default elementor-section-height-default elementor-invisible\" data-id=\"258936a\" data-element_type=\"section\" data-e-type=\"section\" data-settings=\"{&quot;background_background&quot;:&quot;classic&quot;,&quot;animation&quot;:&quot;fadeInUp&quot;}\">\n\t\t\t\t\t\t<div class=\"elementor-container elementor-column-gap-default\">\n\t\t\t\t\t<div class=\"elementor-column elementor-col-50 elementor-top-column elementor-element elementor-element-68e5812\" data-id=\"68e5812\" data-element_type=\"column\" data-e-type=\"column\">\n\t\t\t<div class=\"elementor-widget-wrap elementor-element-populated\">\n\t\t\t\t\t\t<div class=\"elementor-element elementor-element-9e2da7a elementor-widget elementor-widget-heading\" data-id=\"9e2da7a\" data-element_type=\"widget\" data-e-type=\"widget\" data-widget_type=\"heading.default\">\n\t\t\t\t<div class=\"elementor-widget-container\">\n\t\t\t\t\t<h1 class=\"elementor-heading-title elementor-size-medium\">Catalogue<\/h1>\t\t\t\t<\/div>\n\t\t\t\t<\/div>\n\t\t\t\t<div class=\"elementor-element elementor-element-c53d406 elementor-widget elementor-widget-heading\" data-id=\"c53d406\" data-element_type=\"widget\" data-e-type=\"widget\" data-widget_type=\"heading.default\">\n\t\t\t\t<div class=\"elementor-widget-container\">\n\t\t\t\t\t<h2 class=\"elementor-heading-title elementor-size-default\">Nous produisons des syst\u00e8mes de mobilier de bureau\net concevons des espaces d\u00e9di\u00e9s au bien-\u00eatre personnel,\npour travailler bien et mieux.<\/h2>\t\t\t\t<\/div>\n\t\t\t\t<\/div>\n\t\t\t\t\t<\/div>\n\t\t<\/div>\n\t\t\t\t<div class=\"elementor-column elementor-col-50 elementor-top-column elementor-element elementor-element-f87e574\" data-id=\"f87e574\" data-element_type=\"column\" data-e-type=\"column\">\n\t\t\t<div class=\"elementor-widget-wrap\">\n\t\t\t\t\t\t\t<\/div>\n\t\t<\/div>\n\t\t\t\t\t<\/div>\n\t\t<\/section>\n\t\t\t\t<section class=\"elementor-section elementor-top-section elementor-element elementor-element-7693e30 elementor-section-content-top elementor-section-boxed elementor-section-height-default elementor-section-height-default\" data-id=\"7693e30\" data-element_type=\"section\" data-e-type=\"section\" data-settings=\"{&quot;background_background&quot;:&quot;classic&quot;}\">\n\t\t\t\t\t\t<div class=\"elementor-container elementor-column-gap-default\">\n\t\t\t\t\t<div class=\"elementor-column elementor-col-25 elementor-top-column elementor-element elementor-element-7782941 elementor-invisible\" data-id=\"7782941\" data-element_type=\"column\" data-e-type=\"column\" data-settings=\"{&quot;animation&quot;:&quot;slideInUp&quot;}\">\n\t\t\t<div class=\"elementor-widget-wrap elementor-element-populated\">\n\t\t\t\t\t\t<div class=\"elementor-element elementor-element-c974439 elementor-widget elementor-widget-image\" data-id=\"c974439\" data-element_type=\"widget\" data-e-type=\"widget\" data-widget_type=\"image.default\">\n\t\t\t\t<div class=\"elementor-widget-container\">\n\t\t\t\t\t\t\t\t\t\t\t\t\t\t\t\t<a href=\"https:\/\/archiutti.it\/fr\/categorie-produit\/tables-fr\/\">\n\t\t\t\t\t\t\t<img fetchpriority=\"high\" decoding=\"async\" width=\"800\" height=\"1000\" src=\"https:\/\/archiutti.it\/wp-content\/uploads\/2023\/01\/archiutti_IMG_categoria_tavoli-819x1024.jpg\" class=\"elementor-animation-float attachment-large size-large wp-image-5456\" alt=\"\" srcset=\"https:\/\/archiutti.it\/wp-content\/uploads\/2023\/01\/archiutti_IMG_categoria_tavoli-819x1024.jpg 819w, https:\/\/archiutti.it\/wp-content\/uploads\/2023\/01\/archiutti_IMG_categoria_tavoli-240x300.jpg 240w, https:\/\/archiutti.it\/wp-content\/uploads\/2023\/01\/archiutti_IMG_categoria_tavoli-768x960.jpg 768w, https:\/\/archiutti.it\/wp-content\/uploads\/2023\/01\/archiutti_IMG_categoria_tavoli-600x750.jpg 600w, https:\/\/archiutti.it\/wp-content\/uploads\/2023\/01\/archiutti_IMG_categoria_tavoli.jpg 1080w\" sizes=\"(max-width: 800px) 100vw, 800px\" \/>\t\t\t\t\t\t\t\t<\/a>\n\t\t\t\t\t\t\t\t\t\t\t\t\t\t\t<\/div>\n\t\t\t\t<\/div>\n\t\t\t\t<div class=\"elementor-element elementor-element-819d627 elementor-widget elementor-widget-tp-button\" data-id=\"819d627\" data-element_type=\"widget\" data-e-type=\"widget\" data-widget_type=\"tp-button.default\">\n\t\t\t\t<div class=\"elementor-widget-container\">\n\t\t\t\t\t<div class=\"pt-plus-button-wrapper   text-left \"><div class=\"button_parallax \"><div id=\"button69f4ac65be556\"  class=\" text-left ts-button content_hover_effect  \" ><div class=\"pt_plus_button btn69f4ac65be554 button-style-1   \"  ><div class=\"animted-content-inner \"><a href=\"https:\/\/archiutti.it\/fr\/categorie-produit\/tables-fr\/\" class=\"button-link-wrap \" role=\"button\" data-hover=\"Tables\" >Tables<span class=\"btn-icon button-after\"><i aria-hidden=\"true\" class=\"icon icon-arrow-right\"><\/i><\/span><div class=\"button_line\"><\/div><\/a><\/div><\/div><\/div><\/div><\/div>\t\t\t\t<\/div>\n\t\t\t\t<\/div>\n\t\t\t\t\t<\/div>\n\t\t<\/div>\n\t\t\t\t<div class=\"elementor-column elementor-col-25 elementor-top-column elementor-element elementor-element-bc5219e elementor-invisible\" data-id=\"bc5219e\" data-element_type=\"column\" data-e-type=\"column\" data-settings=\"{&quot;animation&quot;:&quot;slideInUp&quot;}\">\n\t\t\t<div class=\"elementor-widget-wrap elementor-element-populated\">\n\t\t\t\t\t\t<div class=\"elementor-element elementor-element-99fd074 elementor-widget elementor-widget-image\" data-id=\"99fd074\" data-element_type=\"widget\" data-e-type=\"widget\" data-widget_type=\"image.default\">\n\t\t\t\t<div class=\"elementor-widget-container\">\n\t\t\t\t\t\t\t\t\t\t\t\t\t\t\t\t<a href=\"https:\/\/archiutti.it\/fr\/categorie-produit\/accueil\/\">\n\t\t\t\t\t\t\t<img decoding=\"async\" width=\"800\" height=\"1000\" src=\"https:\/\/archiutti.it\/wp-content\/uploads\/2023\/01\/archiutti_IMG_categoria_reception-819x1024.jpg\" class=\"elementor-animation-float attachment-large size-large wp-image-5458\" alt=\"\" srcset=\"https:\/\/archiutti.it\/wp-content\/uploads\/2023\/01\/archiutti_IMG_categoria_reception-819x1024.jpg 819w, https:\/\/archiutti.it\/wp-content\/uploads\/2023\/01\/archiutti_IMG_categoria_reception-240x300.jpg 240w, https:\/\/archiutti.it\/wp-content\/uploads\/2023\/01\/archiutti_IMG_categoria_reception-768x960.jpg 768w, https:\/\/archiutti.it\/wp-content\/uploads\/2023\/01\/archiutti_IMG_categoria_reception-600x750.jpg 600w, https:\/\/archiutti.it\/wp-content\/uploads\/2023\/01\/archiutti_IMG_categoria_reception.jpg 1080w\" sizes=\"(max-width: 800px) 100vw, 800px\" \/>\t\t\t\t\t\t\t\t<\/a>\n\t\t\t\t\t\t\t\t\t\t\t\t\t\t\t<\/div>\n\t\t\t\t<\/div>\n\t\t\t\t<div class=\"elementor-element elementor-element-465886c elementor-widget elementor-widget-tp-button\" data-id=\"465886c\" data-element_type=\"widget\" data-e-type=\"widget\" data-widget_type=\"tp-button.default\">\n\t\t\t\t<div class=\"elementor-widget-container\">\n\t\t\t\t\t<div class=\"pt-plus-button-wrapper   text-left \"><div class=\"button_parallax \"><div id=\"button69f4ac65bf685\"  class=\" text-left ts-button content_hover_effect  \" ><div class=\"pt_plus_button btn69f4ac65bf683 button-style-1   \"  ><div class=\"animted-content-inner \"><a href=\"https:\/\/archiutti.it\/fr\/categorie-produit\/accueil\/\" class=\"button-link-wrap \" role=\"button\" data-hover=\"Accueil\" >Accueil<span class=\"btn-icon button-after\"><i aria-hidden=\"true\" class=\"icon icon-arrow-right\"><\/i><\/span><div class=\"button_line\"><\/div><\/a><\/div><\/div><\/div><\/div><\/div>\t\t\t\t<\/div>\n\t\t\t\t<\/div>\n\t\t\t\t\t<\/div>\n\t\t<\/div>\n\t\t\t\t<div class=\"elementor-column elementor-col-25 elementor-top-column elementor-element elementor-element-48c7452 elementor-invisible\" data-id=\"48c7452\" data-element_type=\"column\" data-e-type=\"column\" data-settings=\"{&quot;animation&quot;:&quot;slideInUp&quot;}\">\n\t\t\t<div class=\"elementor-widget-wrap elementor-element-populated\">\n\t\t\t\t\t\t<div class=\"elementor-element elementor-element-63a3e0d elementor-widget elementor-widget-image\" data-id=\"63a3e0d\" data-element_type=\"widget\" data-e-type=\"widget\" data-widget_type=\"image.default\">\n\t\t\t\t<div class=\"elementor-widget-container\">\n\t\t\t\t\t\t\t\t\t\t\t\t\t\t\t\t<a href=\"https:\/\/archiutti.it\/fr\/categorie-produit\/cloisons\/\">\n\t\t\t\t\t\t\t<img decoding=\"async\" width=\"800\" height=\"1000\" src=\"https:\/\/archiutti.it\/wp-content\/uploads\/2023\/01\/archiutti_IMG_categoria_partitions-819x1024.jpg\" class=\"elementor-animation-float attachment-large size-large wp-image-5460\" alt=\"\" srcset=\"https:\/\/archiutti.it\/wp-content\/uploads\/2023\/01\/archiutti_IMG_categoria_partitions-819x1024.jpg 819w, https:\/\/archiutti.it\/wp-content\/uploads\/2023\/01\/archiutti_IMG_categoria_partitions-240x300.jpg 240w, https:\/\/archiutti.it\/wp-content\/uploads\/2023\/01\/archiutti_IMG_categoria_partitions-768x960.jpg 768w, https:\/\/archiutti.it\/wp-content\/uploads\/2023\/01\/archiutti_IMG_categoria_partitions-600x750.jpg 600w, https:\/\/archiutti.it\/wp-content\/uploads\/2023\/01\/archiutti_IMG_categoria_partitions.jpg 1080w\" sizes=\"(max-width: 800px) 100vw, 800px\" \/>\t\t\t\t\t\t\t\t<\/a>\n\t\t\t\t\t\t\t\t\t\t\t\t\t\t\t<\/div>\n\t\t\t\t<\/div>\n\t\t\t\t<div class=\"elementor-element elementor-element-4e2bd4c elementor-widget elementor-widget-tp-button\" data-id=\"4e2bd4c\" data-element_type=\"widget\" data-e-type=\"widget\" data-widget_type=\"tp-button.default\">\n\t\t\t\t<div class=\"elementor-widget-container\">\n\t\t\t\t\t<div class=\"pt-plus-button-wrapper   text-left \"><div class=\"button_parallax \"><div id=\"button69f4ac65c059d\"  class=\" text-left ts-button content_hover_effect  \" ><div class=\"pt_plus_button btn69f4ac65c059c button-style-1   \"  ><div class=\"animted-content-inner \"><a href=\"https:\/\/archiutti.it\/fr\/categorie-produit\/cloisons\/\" class=\"button-link-wrap \" role=\"button\" data-hover=\"Cloisons\" >Cloisons<span class=\"btn-icon button-after\"><i aria-hidden=\"true\" class=\"icon icon-arrow-right\"><\/i><\/span><div class=\"button_line\"><\/div><\/a><\/div><\/div><\/div><\/div><\/div>\t\t\t\t<\/div>\n\t\t\t\t<\/div>\n\t\t\t\t\t<\/div>\n\t\t<\/div>\n\t\t\t\t<div class=\"elementor-column elementor-col-25 elementor-top-column elementor-element elementor-element-9034e97 elementor-invisible\" data-id=\"9034e97\" data-element_type=\"column\" data-e-type=\"column\" data-settings=\"{&quot;animation&quot;:&quot;slideInUp&quot;}\">\n\t\t\t<div class=\"elementor-widget-wrap elementor-element-populated\">\n\t\t\t\t\t\t<div class=\"elementor-element elementor-element-d8a7860 elementor-widget elementor-widget-image\" data-id=\"d8a7860\" data-element_type=\"widget\" data-e-type=\"widget\" data-widget_type=\"image.default\">\n\t\t\t\t<div class=\"elementor-widget-container\">\n\t\t\t\t\t\t\t\t\t\t\t\t\t\t\t\t<a href=\"https:\/\/archiutti.it\/fr\/categorie-produit\/armoires\/\">\n\t\t\t\t\t\t\t<img loading=\"lazy\" decoding=\"async\" width=\"800\" height=\"1000\" src=\"https:\/\/archiutti.it\/wp-content\/uploads\/2023\/01\/archiutti_IMG_categoria_storage-819x1024.jpg\" class=\"elementor-animation-float attachment-large size-large wp-image-5462\" alt=\"\" srcset=\"https:\/\/archiutti.it\/wp-content\/uploads\/2023\/01\/archiutti_IMG_categoria_storage-819x1024.jpg 819w, https:\/\/archiutti.it\/wp-content\/uploads\/2023\/01\/archiutti_IMG_categoria_storage-240x300.jpg 240w, https:\/\/archiutti.it\/wp-content\/uploads\/2023\/01\/archiutti_IMG_categoria_storage-768x960.jpg 768w, https:\/\/archiutti.it\/wp-content\/uploads\/2023\/01\/archiutti_IMG_categoria_storage-600x750.jpg 600w, https:\/\/archiutti.it\/wp-content\/uploads\/2023\/01\/archiutti_IMG_categoria_storage.jpg 1080w\" sizes=\"(max-width: 800px) 100vw, 800px\" \/>\t\t\t\t\t\t\t\t<\/a>\n\t\t\t\t\t\t\t\t\t\t\t\t\t\t\t<\/div>\n\t\t\t\t<\/div>\n\t\t\t\t<div class=\"elementor-element elementor-element-0996268 elementor-widget elementor-widget-tp-button\" data-id=\"0996268\" data-element_type=\"widget\" data-e-type=\"widget\" data-widget_type=\"tp-button.default\">\n\t\t\t\t<div class=\"elementor-widget-container\">\n\t\t\t\t\t<div class=\"pt-plus-button-wrapper   text-left \"><div class=\"button_parallax \"><div id=\"button69f4ac65c123e\"  class=\" text-left ts-button content_hover_effect  \" ><div class=\"pt_plus_button btn69f4ac65c123d button-style-1   \"  ><div class=\"animted-content-inner \"><a href=\"https:\/\/archiutti.it\/fr\/categorie-produit\/armoires\/\" class=\"button-link-wrap \" role=\"button\" data-hover=\"Armoires\" >Armoires<span class=\"btn-icon button-after\"><i aria-hidden=\"true\" class=\"icon icon-arrow-right\"><\/i><\/span><div class=\"button_line\"><\/div><\/a><\/div><\/div><\/div><\/div><\/div>\t\t\t\t<\/div>\n\t\t\t\t<\/div>\n\t\t\t\t\t<\/div>\n\t\t<\/div>\n\t\t\t\t\t<\/div>\n\t\t<\/section>\n\t\t\t\t<\/div>\n\t\t","protected":false},"excerpt":{"rendered":"<p>Catalogue Nous produisons des syst\u00e8mes de mobilier de bureau et concevons des espaces d\u00e9di\u00e9s au bien-\u00eatre personnel, pour travailler bien et mieux. Tables Accueil Cloisons Armoires<\/p>\n","protected":false},"author":1,"featured_media":0,"parent":0,"menu_order":0,"comment_status":"closed","ping_status":"closed","template":"elementor_header_footer","meta":{"footnotes":""},"class_list":["post-6400","page","type-page","status-publish","hentry"],"acf":[],"_links":{"self":[{"href":"https:\/\/archiutti.it\/fr\/wp-json\/wp\/v2\/pages\/6400","targetHints":{"allow":["GET"]}}],"collection":[{"href":"https:\/\/archiutti.it\/fr\/wp-json\/wp\/v2\/pages"}],"about":[{"href":"https:\/\/archiutti.it\/fr\/wp-json\/wp\/v2\/types\/page"}],"author":[{"embeddable":true,"href":"https:\/\/archiutti.it\/fr\/wp-json\/wp\/v2\/users\/1"}],"replies":[{"embeddable":true,"href":"https:\/\/archiutti.it\/fr\/wp-json\/wp\/v2\/comments?post=6400"}],"version-history":[{"count":7,"href":"https:\/\/archiutti.it\/fr\/wp-json\/wp\/v2\/pages\/6400\/revisions"}],"predecessor-version":[{"id":6785,"href":"https:\/\/archiutti.it\/fr\/wp-json\/wp\/v2\/pages\/6400\/revisions\/6785"}],"wp:attachment":[{"href":"https:\/\/archiutti.it\/fr\/wp-json\/wp\/v2\/media?parent=6400"}],"curies":[{"name":"wp","href":"https:\/\/api.w.org\/{rel}","templated":true}]}}