{"id":6365,"date":"2023-01-17T16:29:48","date_gmt":"2023-01-17T16:29:48","guid":{"rendered":"https:\/\/archiutti.it\/a-propos-de-nous\/"},"modified":"2023-04-06T15:24:56","modified_gmt":"2023-04-06T15:24:56","slug":"a-propos-de-nous","status":"publish","type":"page","link":"https:\/\/archiutti.it\/fr\/a-propos-de-nous\/","title":{"rendered":"A propos de nous"},"content":{"rendered":"\t\t<div data-elementor-type=\"wp-page\" data-elementor-id=\"6365\" class=\"elementor elementor-6365 elementor-3248\" data-elementor-post-type=\"page\">\n\t\t\t\t\t\t<section class=\"elementor-section elementor-top-section elementor-element elementor-element-3d64380 elementor-section-boxed elementor-section-height-default elementor-section-height-default\" data-id=\"3d64380\" data-element_type=\"section\" data-e-type=\"section\" data-settings=\"{&quot;background_background&quot;:&quot;classic&quot;}\">\n\t\t\t\t\t\t<div class=\"elementor-container elementor-column-gap-default\">\n\t\t\t\t\t<div class=\"elementor-column elementor-col-50 elementor-top-column elementor-element elementor-element-df00017\" data-id=\"df00017\" data-element_type=\"column\" data-e-type=\"column\">\n\t\t\t<div class=\"elementor-widget-wrap elementor-element-populated\">\n\t\t\t\t\t\t<div class=\"elementor-element elementor-element-a0aec88 elementor-widget elementor-widget-heading\" data-id=\"a0aec88\" data-element_type=\"widget\" data-e-type=\"widget\" data-widget_type=\"heading.default\">\n\t\t\t\t<div class=\"elementor-widget-container\">\n\t\t\t\t\t<h1 class=\"elementor-heading-title elementor-size-medium\">\u00c0 propos d'Archiutti<\/h1>\t\t\t\t<\/div>\n\t\t\t\t<\/div>\n\t\t\t\t<div class=\"elementor-element elementor-element-e196a13 elementor-widget elementor-widget-heading\" data-id=\"e196a13\" data-element_type=\"widget\" data-e-type=\"widget\" data-widget_type=\"heading.default\">\n\t\t\t\t<div class=\"elementor-widget-container\">\n\t\t\t\t\t<h2 class=\"elementor-heading-title elementor-size-default\">Depuis 1958, nous cr\u00e9ons des solutions de mobilier fonctionelles et de design qui d\u00e9finissent et donnent vie aux espaces dans lesquels nous vivons et travaillons.<\/h2>\t\t\t\t<\/div>\n\t\t\t\t<\/div>\n\t\t\t\t\t<\/div>\n\t\t<\/div>\n\t\t\t\t<div class=\"elementor-column elementor-col-50 elementor-top-column elementor-element elementor-element-8ac34d9 elementor-hidden-mobile\" data-id=\"8ac34d9\" data-element_type=\"column\" data-e-type=\"column\">\n\t\t\t<div class=\"elementor-widget-wrap\">\n\t\t\t\t\t\t\t<\/div>\n\t\t<\/div>\n\t\t\t\t\t<\/div>\n\t\t<\/section>\n\t\t\t\t<section class=\"elementor-section elementor-top-section elementor-element elementor-element-5fdf089 elementor-reverse-mobile elementor-section-boxed elementor-section-height-default elementor-section-height-default\" data-id=\"5fdf089\" data-element_type=\"section\" data-e-type=\"section\" data-settings=\"{&quot;background_background&quot;:&quot;classic&quot;}\">\n\t\t\t\t\t\t<div class=\"elementor-container elementor-column-gap-default\">\n\t\t\t\t\t<div class=\"elementor-column elementor-col-50 elementor-top-column elementor-element elementor-element-76de1b0\" data-id=\"76de1b0\" data-element_type=\"column\" data-e-type=\"column\">\n\t\t\t<div class=\"elementor-widget-wrap elementor-element-populated\">\n\t\t\t\t\t\t<div class=\"elementor-element elementor-element-2bc1025 elementor-widget elementor-widget-heading\" data-id=\"2bc1025\" data-element_type=\"widget\" data-e-type=\"widget\" data-widget_type=\"heading.default\">\n\t\t\t\t<div class=\"elementor-widget-container\">\n\t\t\t\t\t<h2 class=\"elementor-heading-title elementor-size-default\">Depuis trois g\u00e9n\u00e9rations, nous continuons <br> \n\u00e0 regarder vers l'avenir<\/h2>\t\t\t\t<\/div>\n\t\t\t\t<\/div>\n\t\t\t\t<div class=\"elementor-element elementor-element-7bb194a elementor-widget elementor-widget-text-editor\" data-id=\"7bb194a\" data-element_type=\"widget\" data-e-type=\"widget\" data-widget_type=\"text-editor.default\">\n\t\t\t\t<div class=\"elementor-widget-container\">\n\t\t\t\t\t\t\t\t\t<p><span style=\"font-weight: 400;\">Archiutti a \u00e9t\u00e9 fond\u00e9 dans les ann\u00e9es 1960 en tant que fabricant de tables et de chaises pour les glaciers. Dans les ann\u00e9es 1980, nous avons commenc\u00e9 \u00e0 fabriquer nos premiers produits de bureau, d&rsquo;abord enti\u00e8rement en bois, puis aussi en m\u00e9lamine et en m\u00e9tal.<\/span><\/p>\n<p><span style=\"font-weight: 400;\">Aujourd&rsquo;hui, nous produisons des solutions de mobilier de bureau, des cloisons en verre et des cloisons \u00e9quip\u00e9es, des meubles de rangement et des biblioth\u00e8ques ; des outils n\u00e9cessaires pour interpr\u00e9ter et personnaliser les environnements de travail.<\/span><\/p>\n\t\t\t\t\t\t\t\t<\/div>\n\t\t\t\t<\/div>\n\t\t\t\t\t<\/div>\n\t\t<\/div>\n\t\t\t\t<div class=\"elementor-column elementor-col-50 elementor-top-column elementor-element elementor-element-8f442a5\" data-id=\"8f442a5\" data-element_type=\"column\" data-e-type=\"column\">\n\t\t\t<div class=\"elementor-widget-wrap elementor-element-populated\">\n\t\t\t\t\t\t<div class=\"elementor-element elementor-element-1f60580 elementor-widget elementor-widget-video\" data-id=\"1f60580\" data-element_type=\"widget\" data-e-type=\"widget\" data-settings=\"{&quot;video_type&quot;:&quot;hosted&quot;,&quot;autoplay&quot;:&quot;yes&quot;,&quot;mute&quot;:&quot;yes&quot;,&quot;play_on_mobile&quot;:&quot;yes&quot;,&quot;loop&quot;:&quot;yes&quot;}\" data-widget_type=\"video.default\">\n\t\t\t\t<div class=\"elementor-widget-container\">\n\t\t\t\t\t\t\t<div class=\"e-hosted-video elementor-wrapper elementor-open-inline\">\n\t\t\t\t\t<video class=\"elementor-video\" src=\"https:\/\/archiutti.it\/wp-content\/uploads\/2023\/01\/archiutti_video-storico.mp4\" autoplay=\"\" loop=\"\" muted=\"muted\" playsinline=\"\" controlsList=\"nodownload\"><\/video>\n\t\t\t\t<\/div>\n\t\t\t\t\t\t<\/div>\n\t\t\t\t<\/div>\n\t\t\t\t\t<\/div>\n\t\t<\/div>\n\t\t\t\t\t<\/div>\n\t\t<\/section>\n\t\t\t\t<section class=\"elementor-section elementor-top-section elementor-element elementor-element-7dcf352 elementor-section-boxed elementor-section-height-default elementor-section-height-default\" data-id=\"7dcf352\" data-element_type=\"section\" data-e-type=\"section\" data-settings=\"{&quot;background_background&quot;:&quot;classic&quot;}\">\n\t\t\t\t\t\t<div class=\"elementor-container elementor-column-gap-wide\">\n\t\t\t\t\t<div class=\"elementor-column elementor-col-25 elementor-top-column elementor-element elementor-element-a07639c elementor-hidden-mobile\" data-id=\"a07639c\" data-element_type=\"column\" data-e-type=\"column\">\n\t\t\t<div class=\"elementor-widget-wrap elementor-element-populated\">\n\t\t\t\t\t\t<div class=\"elementor-element elementor-element-6376f5c elementor-widget elementor-widget-spacer\" data-id=\"6376f5c\" data-element_type=\"widget\" data-e-type=\"widget\" data-widget_type=\"spacer.default\">\n\t\t\t\t<div class=\"elementor-widget-container\">\n\t\t\t\t\t\t\t<div class=\"elementor-spacer\">\n\t\t\t<div class=\"elementor-spacer-inner\"><\/div>\n\t\t<\/div>\n\t\t\t\t\t\t<\/div>\n\t\t\t\t<\/div>\n\t\t\t\t<div class=\"elementor-element elementor-element-8eac6f3 elementor-widget elementor-widget-image\" data-id=\"8eac6f3\" data-element_type=\"widget\" data-e-type=\"widget\" data-widget_type=\"image.default\">\n\t\t\t\t<div class=\"elementor-widget-container\">\n\t\t\t\t\t\t\t\t\t\t\t\t\t\t\t<img fetchpriority=\"high\" decoding=\"async\" width=\"683\" height=\"1024\" src=\"https:\/\/archiutti.it\/wp-content\/uploads\/2023\/01\/archiutti_about_orgatec-683x1024.jpg\" class=\"attachment-large size-large wp-image-5434\" alt=\"\" srcset=\"https:\/\/archiutti.it\/wp-content\/uploads\/2023\/01\/archiutti_about_orgatec-683x1024.jpg 683w, https:\/\/archiutti.it\/wp-content\/uploads\/2023\/01\/archiutti_about_orgatec-200x300.jpg 200w, https:\/\/archiutti.it\/wp-content\/uploads\/2023\/01\/archiutti_about_orgatec-768x1152.jpg 768w, https:\/\/archiutti.it\/wp-content\/uploads\/2023\/01\/archiutti_about_orgatec-600x900.jpg 600w, https:\/\/archiutti.it\/wp-content\/uploads\/2023\/01\/archiutti_about_orgatec.jpg 1000w\" sizes=\"(max-width: 683px) 100vw, 683px\" \/>\t\t\t\t\t\t\t\t\t\t\t\t\t\t\t<\/div>\n\t\t\t\t<\/div>\n\t\t\t\t\t<\/div>\n\t\t<\/div>\n\t\t\t\t<div class=\"elementor-column elementor-col-25 elementor-top-column elementor-element elementor-element-2fe0e98\" data-id=\"2fe0e98\" data-element_type=\"column\" data-e-type=\"column\">\n\t\t\t<div class=\"elementor-widget-wrap elementor-element-populated\">\n\t\t\t\t\t\t<div class=\"elementor-element elementor-element-bf69742 elementor-widget elementor-widget-image\" data-id=\"bf69742\" data-element_type=\"widget\" data-e-type=\"widget\" data-widget_type=\"image.default\">\n\t\t\t\t<div class=\"elementor-widget-container\">\n\t\t\t\t\t\t\t\t\t\t\t\t\t\t\t<img decoding=\"async\" width=\"683\" height=\"1024\" src=\"https:\/\/archiutti.it\/wp-content\/uploads\/2023\/01\/archiutti_about_stock-fabbrica2-683x1024.jpg\" class=\"attachment-large size-large wp-image-5438\" alt=\"\" srcset=\"https:\/\/archiutti.it\/wp-content\/uploads\/2023\/01\/archiutti_about_stock-fabbrica2-683x1024.jpg 683w, https:\/\/archiutti.it\/wp-content\/uploads\/2023\/01\/archiutti_about_stock-fabbrica2-200x300.jpg 200w, https:\/\/archiutti.it\/wp-content\/uploads\/2023\/01\/archiutti_about_stock-fabbrica2-768x1152.jpg 768w, https:\/\/archiutti.it\/wp-content\/uploads\/2023\/01\/archiutti_about_stock-fabbrica2-600x900.jpg 600w, https:\/\/archiutti.it\/wp-content\/uploads\/2023\/01\/archiutti_about_stock-fabbrica2.jpg 1000w\" sizes=\"(max-width: 683px) 100vw, 683px\" \/>\t\t\t\t\t\t\t\t\t\t\t\t\t\t\t<\/div>\n\t\t\t\t<\/div>\n\t\t\t\t<div class=\"elementor-element elementor-element-6fad7ff elementor-widget elementor-widget-spacer\" data-id=\"6fad7ff\" data-element_type=\"widget\" data-e-type=\"widget\" data-widget_type=\"spacer.default\">\n\t\t\t\t<div class=\"elementor-widget-container\">\n\t\t\t\t\t\t\t<div class=\"elementor-spacer\">\n\t\t\t<div class=\"elementor-spacer-inner\"><\/div>\n\t\t<\/div>\n\t\t\t\t\t\t<\/div>\n\t\t\t\t<\/div>\n\t\t\t\t\t<\/div>\n\t\t<\/div>\n\t\t\t\t<div class=\"elementor-column elementor-col-25 elementor-top-column elementor-element elementor-element-8ebecb0\" data-id=\"8ebecb0\" data-element_type=\"column\" data-e-type=\"column\">\n\t\t\t<div class=\"elementor-widget-wrap elementor-element-populated\">\n\t\t\t\t\t\t<div class=\"elementor-element elementor-element-44b0ae9 elementor-widget elementor-widget-spacer\" data-id=\"44b0ae9\" data-element_type=\"widget\" data-e-type=\"widget\" data-widget_type=\"spacer.default\">\n\t\t\t\t<div class=\"elementor-widget-container\">\n\t\t\t\t\t\t\t<div class=\"elementor-spacer\">\n\t\t\t<div class=\"elementor-spacer-inner\"><\/div>\n\t\t<\/div>\n\t\t\t\t\t\t<\/div>\n\t\t\t\t<\/div>\n\t\t\t\t<div class=\"elementor-element elementor-element-70c4279 elementor-widget elementor-widget-image\" data-id=\"70c4279\" data-element_type=\"widget\" data-e-type=\"widget\" data-widget_type=\"image.default\">\n\t\t\t\t<div class=\"elementor-widget-container\">\n\t\t\t\t\t\t\t\t\t\t\t\t\t\t\t<img decoding=\"async\" width=\"683\" height=\"1024\" src=\"https:\/\/archiutti.it\/wp-content\/uploads\/2023\/01\/archiutti_about_produzione-armadiature-683x1024.jpg\" class=\"attachment-large size-large wp-image-5612\" alt=\"\" srcset=\"https:\/\/archiutti.it\/wp-content\/uploads\/2023\/01\/archiutti_about_produzione-armadiature-683x1024.jpg 683w, https:\/\/archiutti.it\/wp-content\/uploads\/2023\/01\/archiutti_about_produzione-armadiature-200x300.jpg 200w, https:\/\/archiutti.it\/wp-content\/uploads\/2023\/01\/archiutti_about_produzione-armadiature-768x1152.jpg 768w, https:\/\/archiutti.it\/wp-content\/uploads\/2023\/01\/archiutti_about_produzione-armadiature-600x900.jpg 600w, https:\/\/archiutti.it\/wp-content\/uploads\/2023\/01\/archiutti_about_produzione-armadiature.jpg 800w\" sizes=\"(max-width: 683px) 100vw, 683px\" \/>\t\t\t\t\t\t\t\t\t\t\t\t\t\t\t<\/div>\n\t\t\t\t<\/div>\n\t\t\t\t\t<\/div>\n\t\t<\/div>\n\t\t\t\t<div class=\"elementor-column elementor-col-25 elementor-top-column elementor-element elementor-element-066227b elementor-hidden-mobile\" data-id=\"066227b\" data-element_type=\"column\" data-e-type=\"column\">\n\t\t\t<div class=\"elementor-widget-wrap elementor-element-populated\">\n\t\t\t\t\t\t<div class=\"elementor-element elementor-element-1962901 elementor-widget elementor-widget-image\" data-id=\"1962901\" data-element_type=\"widget\" data-e-type=\"widget\" data-widget_type=\"image.default\">\n\t\t\t\t<div class=\"elementor-widget-container\">\n\t\t\t\t\t\t\t\t\t\t\t\t\t\t\t<img loading=\"lazy\" decoding=\"async\" width=\"683\" height=\"1024\" src=\"https:\/\/archiutti.it\/wp-content\/uploads\/2023\/01\/archiutti_about_stock-fabbrica-683x1024.jpg\" class=\"attachment-large size-large wp-image-5436\" alt=\"\" srcset=\"https:\/\/archiutti.it\/wp-content\/uploads\/2023\/01\/archiutti_about_stock-fabbrica-683x1024.jpg 683w, https:\/\/archiutti.it\/wp-content\/uploads\/2023\/01\/archiutti_about_stock-fabbrica-200x300.jpg 200w, https:\/\/archiutti.it\/wp-content\/uploads\/2023\/01\/archiutti_about_stock-fabbrica-768x1152.jpg 768w, https:\/\/archiutti.it\/wp-content\/uploads\/2023\/01\/archiutti_about_stock-fabbrica-600x900.jpg 600w, https:\/\/archiutti.it\/wp-content\/uploads\/2023\/01\/archiutti_about_stock-fabbrica.jpg 1000w\" sizes=\"(max-width: 683px) 100vw, 683px\" \/>\t\t\t\t\t\t\t\t\t\t\t\t\t\t\t<\/div>\n\t\t\t\t<\/div>\n\t\t\t\t<div class=\"elementor-element elementor-element-d325169 elementor-widget elementor-widget-spacer\" data-id=\"d325169\" data-element_type=\"widget\" data-e-type=\"widget\" data-widget_type=\"spacer.default\">\n\t\t\t\t<div class=\"elementor-widget-container\">\n\t\t\t\t\t\t\t<div class=\"elementor-spacer\">\n\t\t\t<div class=\"elementor-spacer-inner\"><\/div>\n\t\t<\/div>\n\t\t\t\t\t\t<\/div>\n\t\t\t\t<\/div>\n\t\t\t\t\t<\/div>\n\t\t<\/div>\n\t\t\t\t\t<\/div>\n\t\t<\/section>\n\t\t\t\t<section class=\"elementor-section elementor-top-section elementor-element elementor-element-01d4ed4 elementor-section-boxed elementor-section-height-default elementor-section-height-default\" data-id=\"01d4ed4\" data-element_type=\"section\" data-e-type=\"section\" data-settings=\"{&quot;background_background&quot;:&quot;classic&quot;}\">\n\t\t\t\t\t\t<div class=\"elementor-container elementor-column-gap-default\">\n\t\t\t\t\t<div class=\"elementor-column elementor-col-50 elementor-top-column elementor-element elementor-element-d07ed32\" data-id=\"d07ed32\" data-element_type=\"column\" data-e-type=\"column\">\n\t\t\t<div class=\"elementor-widget-wrap elementor-element-populated\">\n\t\t\t\t\t\t<div class=\"elementor-element elementor-element-1a7ef1d elementor-widget elementor-widget-image\" data-id=\"1a7ef1d\" data-element_type=\"widget\" data-e-type=\"widget\" data-widget_type=\"image.default\">\n\t\t\t\t<div class=\"elementor-widget-container\">\n\t\t\t\t\t\t\t\t\t\t\t\t\t\t\t<img loading=\"lazy\" decoding=\"async\" width=\"800\" height=\"534\" src=\"https:\/\/archiutti.it\/wp-content\/uploads\/2023\/01\/archiutti_about_sede-aziendale-1024x683.jpg\" class=\"attachment-large size-large wp-image-5614\" alt=\"\" srcset=\"https:\/\/archiutti.it\/wp-content\/uploads\/2023\/01\/archiutti_about_sede-aziendale-1024x683.jpg 1024w, https:\/\/archiutti.it\/wp-content\/uploads\/2023\/01\/archiutti_about_sede-aziendale-300x200.jpg 300w, https:\/\/archiutti.it\/wp-content\/uploads\/2023\/01\/archiutti_about_sede-aziendale-768x512.jpg 768w, https:\/\/archiutti.it\/wp-content\/uploads\/2023\/01\/archiutti_about_sede-aziendale-600x400.jpg 600w, https:\/\/archiutti.it\/wp-content\/uploads\/2023\/01\/archiutti_about_sede-aziendale.jpg 1200w\" sizes=\"(max-width: 800px) 100vw, 800px\" \/>\t\t\t\t\t\t\t\t\t\t\t\t\t\t\t<\/div>\n\t\t\t\t<\/div>\n\t\t\t\t\t<\/div>\n\t\t<\/div>\n\t\t\t\t<div class=\"elementor-column elementor-col-50 elementor-top-column elementor-element elementor-element-6f3a1fe\" data-id=\"6f3a1fe\" data-element_type=\"column\" data-e-type=\"column\">\n\t\t\t<div class=\"elementor-widget-wrap elementor-element-populated\">\n\t\t\t\t\t\t<div class=\"elementor-element elementor-element-4033ce5 elementor-widget elementor-widget-heading\" data-id=\"4033ce5\" data-element_type=\"widget\" data-e-type=\"widget\" data-widget_type=\"heading.default\">\n\t\t\t\t<div class=\"elementor-widget-container\">\n\t\t\t\t\t<h2 class=\"elementor-heading-title elementor-size-default\">Une grande vocation productive<\/h2>\t\t\t\t<\/div>\n\t\t\t\t<\/div>\n\t\t\t\t<div class=\"elementor-element elementor-element-22400f6 elementor-widget elementor-widget-text-editor\" data-id=\"22400f6\" data-element_type=\"widget\" data-e-type=\"widget\" data-widget_type=\"text-editor.default\">\n\t\t\t\t<div class=\"elementor-widget-container\">\n\t\t\t\t\t\t\t\t\t<p><span style=\"font-weight: 400;\">Plus de 65 ans d&rsquo;exp\u00e9rience et de passion se refl\u00e8tent dans chaque aspect de notre production, qui est r\u00e9alis\u00e9e dans l&rsquo;usine d&rsquo;Olmi.<\/span><\/p>\n<p><span style=\"font-weight: 400;\">Chaque article Archiutti est fabriqu\u00e9 en Italie et suit une cha\u00eene de production hautement contr\u00f4l\u00e9e et certifi\u00e9e.<\/span><\/p>\n\t\t\t\t\t\t\t\t<\/div>\n\t\t\t\t<\/div>\n\t\t\t\t\t<\/div>\n\t\t<\/div>\n\t\t\t\t\t<\/div>\n\t\t<\/section>\n\t\t\t\t<section class=\"elementor-section elementor-top-section elementor-element elementor-element-a320fe0 elementor-section-boxed elementor-section-height-default elementor-section-height-default\" data-id=\"a320fe0\" data-element_type=\"section\" data-e-type=\"section\" data-settings=\"{&quot;background_background&quot;:&quot;classic&quot;}\">\n\t\t\t\t\t\t<div class=\"elementor-container elementor-column-gap-default\">\n\t\t\t\t\t<div class=\"elementor-column elementor-col-50 elementor-top-column elementor-element elementor-element-eaeb7ca\" data-id=\"eaeb7ca\" data-element_type=\"column\" data-e-type=\"column\">\n\t\t\t<div class=\"elementor-widget-wrap elementor-element-populated\">\n\t\t\t\t\t\t<div class=\"elementor-element elementor-element-fb395b7 elementor-widget elementor-widget-heading\" data-id=\"fb395b7\" data-element_type=\"widget\" data-e-type=\"widget\" data-widget_type=\"heading.default\">\n\t\t\t\t<div class=\"elementor-widget-container\">\n\t\t\t\t\t<h2 class=\"elementor-heading-title elementor-size-default\">Durabilit\u00e9 et syst\u00e8me de qualit\u00e9 certifi\u00e9<\/h2>\t\t\t\t<\/div>\n\t\t\t\t<\/div>\n\t\t\t\t<div class=\"elementor-element elementor-element-01eb118 elementor-widget elementor-widget-text-editor\" data-id=\"01eb118\" data-element_type=\"widget\" data-e-type=\"widget\" data-widget_type=\"text-editor.default\">\n\t\t\t\t<div class=\"elementor-widget-container\">\n\t\t\t\t\t\t\t\t\t<p><span style=\"font-weight: 400;\">Nous interpr\u00e9tons le bureau selon une culture \u00e9cologique, en repensant le syst\u00e8me de production pour minimiser l&rsquo;impact environnemental de la production, des mat\u00e9riaux et des processus utilis\u00e9s.<\/span><\/p>\n<p><span style=\"font-weight: 400;\">L&rsquo;introduction d&rsquo;un syst\u00e8me de qualit\u00e9 certifi\u00e9 permet de r\u00e9pondre de mani\u00e8re appropri\u00e9e aux exigences r\u00e9glementaires du secteur et du march\u00e9. Archiutti op\u00e8re \u00e0 travers des choix orient\u00e9s vers l&rsquo;optimisation continue de son sch\u00e9ma organisationnel et du fonctionnement de l&rsquo;entreprise, \u00e0 l&rsquo;aide de diff\u00e9rents outils:<\/span><\/p>\n<\/p>\n<ul>\n<li>La qualit\u00e9 des syst\u00e8mes de gestion de l&rsquo;entreprise selon les normes internationales (UNI EN ISO 9001:2015)<\/li>\n<li><span style=\"font-weight: 400;\">gestion environnementale visant \u00e0 l&rsquo;am\u00e9lioration continue des performances environnementales (UNI EN ISO 14001:2015)\u00a0\u00bb.<\/span><\/li>\n<\/ul>\n\t\t\t\t\t\t\t\t<\/div>\n\t\t\t\t<\/div>\n\t\t\t\t\t<\/div>\n\t\t<\/div>\n\t\t\t\t<div class=\"elementor-column elementor-col-50 elementor-top-column elementor-element elementor-element-137191e\" data-id=\"137191e\" data-element_type=\"column\" data-e-type=\"column\">\n\t\t\t<div class=\"elementor-widget-wrap elementor-element-populated\">\n\t\t\t\t\t\t<div class=\"elementor-element elementor-element-89b68a0 elementor-widget elementor-widget-tp-button\" data-id=\"89b68a0\" data-element_type=\"widget\" data-e-type=\"widget\" data-widget_type=\"tp-button.default\">\n\t\t\t\t<div class=\"elementor-widget-container\">\n\t\t\t\t\t<div class=\"pt-plus-button-wrapper   text-center \"><div class=\"button_parallax \"><div id=\"button69f4f08a1d2d8\"  class=\" text-center ts-button content_hover_effect  \" ><div class=\"pt_plus_button btn69f4f08a1d2d4 button-style-10   \"  ><div class=\"animted-content-inner \"><a href=\"http:\/\/www.archiutti.it\/certificazioni-sostenibilita\" class=\"button-link-wrap \" role=\"button\" data-hover=\"Nos certifications\" >Nos certifications<\/a><\/div><\/div><\/div><\/div><\/div>\t\t\t\t<\/div>\n\t\t\t\t<\/div>\n\t\t\t\t\t<\/div>\n\t\t<\/div>\n\t\t\t\t\t<\/div>\n\t\t<\/section>\n\t\t\t\t<\/div>\n\t\t","protected":false},"excerpt":{"rendered":"<p>\u00c0 propos d&rsquo;Archiutti Depuis 1958, nous cr\u00e9ons des solutions de mobilier fonctionelles et de design qui d\u00e9finissent et donnent vie aux espaces dans lesquels nous vivons et travaillons. Depuis trois g\u00e9n\u00e9rations, nous continuons \u00e0 regarder vers l&rsquo;avenir Archiutti a \u00e9t\u00e9 fond\u00e9 dans les ann\u00e9es 1960 en tant que fabricant de tables et de chaises pour [&hellip;]<\/p>\n","protected":false},"author":1,"featured_media":0,"parent":0,"menu_order":0,"comment_status":"closed","ping_status":"closed","template":"elementor_header_footer","meta":{"footnotes":""},"class_list":["post-6365","page","type-page","status-publish","hentry"],"acf":[],"_links":{"self":[{"href":"https:\/\/archiutti.it\/fr\/wp-json\/wp\/v2\/pages\/6365","targetHints":{"allow":["GET"]}}],"collection":[{"href":"https:\/\/archiutti.it\/fr\/wp-json\/wp\/v2\/pages"}],"about":[{"href":"https:\/\/archiutti.it\/fr\/wp-json\/wp\/v2\/types\/page"}],"author":[{"embeddable":true,"href":"https:\/\/archiutti.it\/fr\/wp-json\/wp\/v2\/users\/1"}],"replies":[{"embeddable":true,"href":"https:\/\/archiutti.it\/fr\/wp-json\/wp\/v2\/comments?post=6365"}],"version-history":[{"count":8,"href":"https:\/\/archiutti.it\/fr\/wp-json\/wp\/v2\/pages\/6365\/revisions"}],"predecessor-version":[{"id":7040,"href":"https:\/\/archiutti.it\/fr\/wp-json\/wp\/v2\/pages\/6365\/revisions\/7040"}],"wp:attachment":[{"href":"https:\/\/archiutti.it\/fr\/wp-json\/wp\/v2\/media?parent=6365"}],"curies":[{"name":"wp","href":"https:\/\/api.w.org\/{rel}","templated":true}]}}